{"id":1751,"date":"2025-08-19T22:09:20","date_gmt":"2025-08-19T22:09:20","guid":{"rendered":"https:\/\/daara.academy\/?page_id=1751"},"modified":"2026-03-27T06:48:03","modified_gmt":"2026-03-27T06:48:03","slug":"learning-masterminds","status":"publish","type":"page","link":"https:\/\/daara.academy\/fr\/daara-partners\/learning-masterminds\/","title":{"rendered":"Learning Masterminds"},"content":{"rendered":"<div data-elementor-type=\"wp-page\" data-elementor-id=\"1751\" class=\"elementor elementor-1751\">\n\t\t\t\t<div class=\"has_eae_slider elementor-element elementor-element-bd1739c e-con-full e-flex wpr-particle-no wpr-jarallax-no wpr-parallax-no wpr-sticky-section-no e-con e-parent\" data-eae-slider=\"60863\" data-id=\"bd1739c\" data-element_type=\"container\" data-settings=\"{&quot;background_background&quot;:&quot;classic&quot;}\">\n\t\t<div class=\"has_eae_slider elementor-element elementor-element-51f28de e-con-full e-flex wpr-particle-no wpr-jarallax-no wpr-parallax-no wpr-sticky-section-no e-con e-child\" data-eae-slider=\"27521\" data-id=\"51f28de\" data-element_type=\"container\" data-settings=\"{&quot;background_background&quot;:&quot;classic&quot;,&quot;shape_divider_bottom&quot;:&quot;mountains&quot;}\">\n\t\t\t\t<div class=\"elementor-shape elementor-shape-bottom\" aria-hidden=\"true\" data-negative=\"false\">\n\t\t\t<svg xmlns=\"http:\/\/www.w3.org\/2000\/svg\" viewbox=\"0 0 1000 100\" preserveaspectratio=\"none\">\n\t<path class=\"elementor-shape-fill\" opacity=\"0.33\" d=\"M473,67.3c-203.9,88.3-263.1-34-320.3,0C66,119.1,0,59.7,0,59.7V0h1000v59.7 c0,0-62.1,26.1-94.9,29.3c-32.8,3.3-62.8-12.3-75.8-22.1C806,49.6,745.3,8.7,694.9,4.7S492.4,59,473,67.3z\"\/>\n\t<path class=\"elementor-shape-fill\" opacity=\"0.66\" d=\"M734,67.3c-45.5,0-77.2-23.2-129.1-39.1c-28.6-8.7-150.3-10.1-254,39.1 s-91.7-34.4-149.2,0C115.7,118.3,0,39.8,0,39.8V0h1000v36.5c0,0-28.2-18.5-92.1-18.5C810.2,18.1,775.7,67.3,734,67.3z\"\/>\n\t<path class=\"elementor-shape-fill\" d=\"M766.1,28.9c-200-57.5-266,65.5-395.1,19.5C242,1.8,242,5.4,184.8,20.6C128,35.8,132.3,44.9,89.9,52.5C28.6,63.7,0,0,0,0 h1000c0,0-9.9,40.9-83.6,48.1S829.6,47,766.1,28.9z\"\/>\n<\/svg>\t\t<\/div>\n\t\t\t\t<div class=\"elementor-element elementor-element-e92589c elementor-widget elementor-widget-spacer\" data-id=\"e92589c\" data-element_type=\"widget\" data-widget_type=\"spacer.default\">\n\t\t\t\t<div class=\"elementor-widget-container\">\n\t\t\t\t\t\t\t<div class=\"elementor-spacer\">\n\t\t\t<div class=\"elementor-spacer-inner\"><\/div>\n\t\t<\/div>\n\t\t\t\t\t\t<\/div>\n\t\t\t\t<\/div>\n\t\t\t\t<div class=\"elementor-element elementor-element-76b3299 elementor-widget elementor-widget-heading\" data-id=\"76b3299\" data-element_type=\"widget\" data-widget_type=\"heading.default\">\n\t\t\t\t<div class=\"elementor-widget-container\">\n\t\t\t\t\t<h2 class=\"elementor-heading-title elementor-size-default\">Learning Masterminds <\/h2>\t\t\t\t<\/div>\n\t\t\t\t<\/div>\n\t\t\t\t<div class=\"elementor-element elementor-element-95ed8a1 elementor-widget-divider--view-line elementor-widget elementor-widget-divider\" data-id=\"95ed8a1\" data-element_type=\"widget\" data-widget_type=\"divider.default\">\n\t\t\t\t<div class=\"elementor-widget-container\">\n\t\t\t\t\t\t\t<div class=\"elementor-divider\">\n\t\t\t<span class=\"elementor-divider-separator\">\n\t\t\t\t\t\t<\/span>\n\t\t<\/div>\n\t\t\t\t\t\t<\/div>\n\t\t\t\t<\/div>\n\t\t\t\t<\/div>\n\t\t\t\t<\/div>\n\t\t<div class=\"has_eae_slider elementor-element elementor-element-0ab8017 e-flex e-con-boxed wpr-particle-no wpr-jarallax-no wpr-parallax-no wpr-sticky-section-no e-con e-parent\" data-eae-slider=\"28507\" data-id=\"0ab8017\" data-element_type=\"container\" data-settings=\"{&quot;background_background&quot;:&quot;classic&quot;,&quot;shape_divider_bottom&quot;:&quot;mountains&quot;}\">\n\t\t\t\t\t<div class=\"e-con-inner\">\n\t\t\t\t<div class=\"elementor-shape elementor-shape-bottom\" aria-hidden=\"true\" data-negative=\"false\">\n\t\t\t<svg xmlns=\"http:\/\/www.w3.org\/2000\/svg\" viewbox=\"0 0 1000 100\" preserveaspectratio=\"none\">\n\t<path class=\"elementor-shape-fill\" opacity=\"0.33\" d=\"M473,67.3c-203.9,88.3-263.1-34-320.3,0C66,119.1,0,59.7,0,59.7V0h1000v59.7 c0,0-62.1,26.1-94.9,29.3c-32.8,3.3-62.8-12.3-75.8-22.1C806,49.6,745.3,8.7,694.9,4.7S492.4,59,473,67.3z\"\/>\n\t<path class=\"elementor-shape-fill\" opacity=\"0.66\" d=\"M734,67.3c-45.5,0-77.2-23.2-129.1-39.1c-28.6-8.7-150.3-10.1-254,39.1 s-91.7-34.4-149.2,0C115.7,118.3,0,39.8,0,39.8V0h1000v36.5c0,0-28.2-18.5-92.1-18.5C810.2,18.1,775.7,67.3,734,67.3z\"\/>\n\t<path class=\"elementor-shape-fill\" d=\"M766.1,28.9c-200-57.5-266,65.5-395.1,19.5C242,1.8,242,5.4,184.8,20.6C128,35.8,132.3,44.9,89.9,52.5C28.6,63.7,0,0,0,0 h1000c0,0-9.9,40.9-83.6,48.1S829.6,47,766.1,28.9z\"\/>\n<\/svg>\t\t<\/div>\n\t\t<div class=\"has_eae_slider elementor-element elementor-element-a63b189 e-con-full e-flex wpr-particle-no wpr-jarallax-no wpr-parallax-no wpr-sticky-section-no e-con e-child\" data-eae-slider=\"25724\" data-id=\"a63b189\" data-element_type=\"container\">\n\t\t\t\t<div class=\"elementor-element elementor-element-27390dc elementor-widget elementor-widget-image\" data-id=\"27390dc\" data-element_type=\"widget\" data-widget_type=\"image.default\">\n\t\t\t\t<div class=\"elementor-widget-container\">\n\t\t\t\t\t\t\t\t\t\t\t\t\t\t\t<img fetchpriority=\"high\" decoding=\"async\" width=\"420\" height=\"212\" src=\"https:\/\/daara.academy\/wp-content\/uploads\/2025\/07\/Picture1-learning-masterminds.jpg\" class=\"attachment-full size-full wp-image-1801\" alt=\"\" srcset=\"https:\/\/daara.academy\/wp-content\/uploads\/2025\/07\/Picture1-learning-masterminds.jpg 420w, https:\/\/daara.academy\/wp-content\/uploads\/2025\/07\/Picture1-learning-masterminds-300x151.jpg 300w, https:\/\/daara.academy\/wp-content\/uploads\/2025\/07\/Picture1-learning-masterminds-18x9.jpg 18w\" sizes=\"(max-width: 420px) 100vw, 420px\" \/>\t\t\t\t\t\t\t\t\t\t\t\t\t\t\t<\/div>\n\t\t\t\t<\/div>\n\t\t\t\t<div class=\"elementor-element elementor-element-13005db elementor-widget__width-initial elementor-widget elementor-widget-image\" data-id=\"13005db\" data-element_type=\"widget\" data-widget_type=\"image.default\">\n\t\t\t\t<div class=\"elementor-widget-container\">\n\t\t\t\t\t\t\t\t\t\t\t\t\t\t\t<img decoding=\"async\" width=\"364\" height=\"400\" src=\"https:\/\/daara.academy\/wp-content\/uploads\/2025\/06\/Picture2-learning-masterminds.jpg\" class=\"attachment-2048x2048 size-2048x2048 wp-image-1737\" alt=\"\" srcset=\"https:\/\/daara.academy\/wp-content\/uploads\/2025\/06\/Picture2-learning-masterminds.jpg 364w, https:\/\/daara.academy\/wp-content\/uploads\/2025\/06\/Picture2-learning-masterminds-273x300.jpg 273w, https:\/\/daara.academy\/wp-content\/uploads\/2025\/06\/Picture2-learning-masterminds-11x12.jpg 11w\" sizes=\"(max-width: 364px) 100vw, 364px\" \/>\t\t\t\t\t\t\t\t\t\t\t\t\t\t\t<\/div>\n\t\t\t\t<\/div>\n\t\t\t\t<div class=\"elementor-element elementor-element-551a23e elementor-widget elementor-widget-text-editor\" data-id=\"551a23e\" data-element_type=\"widget\" data-widget_type=\"text-editor.default\">\n\t\t\t\t<div class=\"elementor-widget-container\">\n\t\t\t\t\t\t\t\t\t<p style=\"text-align: center;\"><strong>\u00a0Dr. Mama Laryea<br \/><\/strong>Directeur ex\u00e9cutif<\/p>\t\t\t\t\t\t\t\t<\/div>\n\t\t\t\t<\/div>\n\t\t\t\t<\/div>\n\t\t<div class=\"has_eae_slider elementor-element elementor-element-f8d0e2a e-con-full e-flex wpr-particle-no wpr-jarallax-no wpr-parallax-no wpr-sticky-section-no e-con e-child\" data-eae-slider=\"59879\" data-id=\"f8d0e2a\" data-element_type=\"container\">\n\t\t\t\t<div class=\"elementor-element elementor-element-cfb6321 elementor-widget elementor-widget-shortcode\" data-id=\"cfb6321\" data-element_type=\"widget\" data-widget_type=\"shortcode.default\">\n\t\t\t\t<div class=\"elementor-widget-container\">\n\t\t\t\t\t\t\t<div class=\"elementor-shortcode\"><div class=\"map_wrapper\" id=\"map_wrapper_806\">\n<div class=\"map_box\" style=\"max-width:2000px\">\n<div class=\"map_aspect_ratio\" style=\"padding-top:56%\" data-padding-top=\"56%\" data-padding-top-mobile=\"50%\">\n<div class=\"map_container\">\n<div class=\"map_render map_loading\" id=\"map_806\"><\/div>\n<\/div>\n<\/div>\n<\/div>\n<\/div>\n<\/div>\n\t\t\t\t\t\t<\/div>\n\t\t\t\t<\/div>\n\t\t\t\t<div class=\"elementor-element elementor-element-ff16bb0 elementor-hidden-desktop elementor-hidden-tablet elementor-widget elementor-widget-spacer\" data-id=\"ff16bb0\" data-element_type=\"widget\" data-widget_type=\"spacer.default\">\n\t\t\t\t<div class=\"elementor-widget-container\">\n\t\t\t\t\t\t\t<div class=\"elementor-spacer\">\n\t\t\t<div class=\"elementor-spacer-inner\"><\/div>\n\t\t<\/div>\n\t\t\t\t\t\t<\/div>\n\t\t\t\t<\/div>\n\t\t\t\t<\/div>\n\t\t\t\t\t<\/div>\n\t\t\t\t<\/div>\n\t\t<div class=\"has_eae_slider elementor-element elementor-element-26b324b e-con-full e-flex wpr-particle-no wpr-jarallax-no wpr-parallax-no wpr-sticky-section-no e-con e-parent\" data-eae-slider=\"63575\" data-id=\"26b324b\" data-element_type=\"container\" data-settings=\"{&quot;background_background&quot;:&quot;classic&quot;,&quot;shape_divider_top&quot;:&quot;mountains&quot;,&quot;shape_divider_bottom&quot;:&quot;mountains&quot;}\">\n\t\t\t\t<div class=\"elementor-shape elementor-shape-top\" aria-hidden=\"true\" data-negative=\"false\">\n\t\t\t<svg xmlns=\"http:\/\/www.w3.org\/2000\/svg\" viewbox=\"0 0 1000 100\" preserveaspectratio=\"none\">\n\t<path class=\"elementor-shape-fill\" opacity=\"0.33\" d=\"M473,67.3c-203.9,88.3-263.1-34-320.3,0C66,119.1,0,59.7,0,59.7V0h1000v59.7 c0,0-62.1,26.1-94.9,29.3c-32.8,3.3-62.8-12.3-75.8-22.1C806,49.6,745.3,8.7,694.9,4.7S492.4,59,473,67.3z\"\/>\n\t<path class=\"elementor-shape-fill\" opacity=\"0.66\" d=\"M734,67.3c-45.5,0-77.2-23.2-129.1-39.1c-28.6-8.7-150.3-10.1-254,39.1 s-91.7-34.4-149.2,0C115.7,118.3,0,39.8,0,39.8V0h1000v36.5c0,0-28.2-18.5-92.1-18.5C810.2,18.1,775.7,67.3,734,67.3z\"\/>\n\t<path class=\"elementor-shape-fill\" d=\"M766.1,28.9c-200-57.5-266,65.5-395.1,19.5C242,1.8,242,5.4,184.8,20.6C128,35.8,132.3,44.9,89.9,52.5C28.6,63.7,0,0,0,0 h1000c0,0-9.9,40.9-83.6,48.1S829.6,47,766.1,28.9z\"\/>\n<\/svg>\t\t<\/div>\n\t\t\t\t<div class=\"elementor-shape elementor-shape-bottom\" aria-hidden=\"true\" data-negative=\"false\">\n\t\t\t<svg xmlns=\"http:\/\/www.w3.org\/2000\/svg\" viewbox=\"0 0 1000 100\" preserveaspectratio=\"none\">\n\t<path class=\"elementor-shape-fill\" opacity=\"0.33\" d=\"M473,67.3c-203.9,88.3-263.1-34-320.3,0C66,119.1,0,59.7,0,59.7V0h1000v59.7 c0,0-62.1,26.1-94.9,29.3c-32.8,3.3-62.8-12.3-75.8-22.1C806,49.6,745.3,8.7,694.9,4.7S492.4,59,473,67.3z\"\/>\n\t<path class=\"elementor-shape-fill\" opacity=\"0.66\" d=\"M734,67.3c-45.5,0-77.2-23.2-129.1-39.1c-28.6-8.7-150.3-10.1-254,39.1 s-91.7-34.4-149.2,0C115.7,118.3,0,39.8,0,39.8V0h1000v36.5c0,0-28.2-18.5-92.1-18.5C810.2,18.1,775.7,67.3,734,67.3z\"\/>\n\t<path class=\"elementor-shape-fill\" d=\"M766.1,28.9c-200-57.5-266,65.5-395.1,19.5C242,1.8,242,5.4,184.8,20.6C128,35.8,132.3,44.9,89.9,52.5C28.6,63.7,0,0,0,0 h1000c0,0-9.9,40.9-83.6,48.1S829.6,47,766.1,28.9z\"\/>\n<\/svg>\t\t<\/div>\n\t\t\t\t<div class=\"elementor-element elementor-element-35e4260 elementor-widget__width-initial elementor-widget elementor-widget-heading\" data-id=\"35e4260\" data-element_type=\"widget\" data-widget_type=\"heading.default\">\n\t\t\t\t<div class=\"elementor-widget-container\">\n\t\t\t\t\t<h2 class=\"elementor-heading-title elementor-size-default\">Learning Masterminds <\/h2>\t\t\t\t<\/div>\n\t\t\t\t<\/div>\n\t\t\t\t<div class=\"elementor-element elementor-element-51b2d6c elementor-widget elementor-widget-spacer\" data-id=\"51b2d6c\" data-element_type=\"widget\" data-widget_type=\"spacer.default\">\n\t\t\t\t<div class=\"elementor-widget-container\">\n\t\t\t\t\t\t\t<div class=\"elementor-spacer\">\n\t\t\t<div class=\"elementor-spacer-inner\"><\/div>\n\t\t<\/div>\n\t\t\t\t\t\t<\/div>\n\t\t\t\t<\/div>\n\t\t\t\t<div class=\"elementor-element elementor-element-b12b28b elementor-widget__width-initial elementor-widget elementor-widget-text-editor\" data-id=\"b12b28b\" data-element_type=\"widget\" data-widget_type=\"text-editor.default\">\n\t\t\t\t<div class=\"elementor-widget-container\">\n\t\t\t\t\t\t\t\t\t<p><strong>Pays<\/strong>: Ghana<br \/><strong>Fond\u00e9e<\/strong>: ao\u00fbt 2023<\/p><p>Learning Masterminds est une ONG compos\u00e9e de sept experts aux comp\u00e9tences diverses, qui se concentrent sur le d\u00e9veloppement de l'\u00e9ducation, y compris l'apprentissage fondamental, et le d\u00e9veloppement positif des jeunes. Ces experts ont constitu\u00e9 l'\u00e9quipe dirigeante du projet d'apprentissage du Partenariat pour l'\u00e9ducation de l'USAID, qui a form\u00e9 plus de 68 000 enseignants et am\u00e9lior\u00e9 la lecture de plus de 750 000 enfants dans plus de 7 200 \u00e9coles, en distribuant 15 millions de documents de lecture, y compris en braille, dans l'ensemble du pays.<\/p><h4><strong>Activit\u00e9s principales<\/strong><\/h4><p>Gestion de projet, y compris la mise en \u0153uvre et la recherche, l'engagement des parties prenantes, le d\u00e9marrage et la cl\u00f4ture du projet, l'enseignement et l'apprentissage, y compris l'apprentissage de la lecture, de l'\u00e9criture et du calcul \u00e0 l'aide d'une p\u00e9dagogie structur\u00e9e, l'am\u00e9lioration de l'apprentissage des \u00e9l\u00e8ves, le suivi, l'\u00e9valuation et l'apprentissage, y compris le d\u00e9veloppement d'outils num\u00e9riques et de tableaux de bord, et la planification et la production d'\u00e9v\u00e9nements, y compris les lancements, les r\u00e9unions de comit\u00e9s de haut niveau et le soutien aux visites des parties prenantes.<\/p><h4><strong>Impact r\u00e9cent<\/strong><\/h4><p>R\u00e9alisation de deux enqu\u00eates financ\u00e9es par l'USAID dans le nord du Ghana pour l'activit\u00e9 de renforcement des syst\u00e8mes de SAGES, sur les m\u00e9canismes de production et de cha\u00eene d'approvisionnement des manuels scolaires et sur la satisfaction du public, qui ont r\u00e9v\u00e9l\u00e9 des goulets d'\u00e9tranglement dans les syst\u00e8mes \u00e9ducatifs ghan\u00e9ens et des possibilit\u00e9s d'am\u00e9lioration. Mise en \u0153uvre du projet INSPIRE pour la jeunesse, qui permet \u00e0 plus de 90 \u00e9tudiants d'acqu\u00e9rir des connaissances pertinentes et des comp\u00e9tences sociales et pratiques pour les aider \u00e0 rester \u00e0 l'\u00e9cole et les pr\u00e9parer \u00e0 de futurs r\u00f4les de leadership et de prise de d\u00e9cision.<\/p><h4><strong>Une vision pour l'avenir<\/strong><\/h4><p>Un monde o\u00f9 le potentiel illimit\u00e9 de la prochaine g\u00e9n\u00e9ration d'enfants et de jeunes est lib\u00e9r\u00e9 pour conduire un changement durable.<\/p><p><strong><em>Cohorte 2<\/em><\/strong><\/p>\t\t\t\t\t\t\t\t<\/div>\n\t\t\t\t<\/div>\n\t\t\t\t<\/div>\n\t\t<div class=\"has_eae_slider elementor-element elementor-element-1582ba5 e-flex e-con-boxed wpr-particle-no wpr-jarallax-no wpr-parallax-no wpr-sticky-section-no e-con e-parent\" data-eae-slider=\"86560\" data-id=\"1582ba5\" data-element_type=\"container\">\n\t\t\t\t\t<div class=\"e-con-inner\">\n\t\t<div class=\"has_eae_slider elementor-element elementor-element-2272884 e-con-full e-flex wpr-particle-no wpr-jarallax-no wpr-parallax-no wpr-sticky-section-no e-con e-child\" data-eae-slider=\"87947\" data-id=\"2272884\" data-element_type=\"container\">\n\t\t<div class=\"has_eae_slider elementor-element elementor-element-195cec5 e-con-full e-flex wpr-particle-no wpr-jarallax-no wpr-parallax-no wpr-sticky-section-no e-con e-child\" data-eae-slider=\"52635\" data-id=\"195cec5\" data-element_type=\"container\">\n\t\t\t\t<div class=\"elementor-element elementor-element-d90b8bc elementor-widget elementor-widget-spacer\" data-id=\"d90b8bc\" data-element_type=\"widget\" data-widget_type=\"spacer.default\">\n\t\t\t\t<div class=\"elementor-widget-container\">\n\t\t\t\t\t\t\t<div class=\"elementor-spacer\">\n\t\t\t<div class=\"elementor-spacer-inner\"><\/div>\n\t\t<\/div>\n\t\t\t\t\t\t<\/div>\n\t\t\t\t<\/div>\n\t\t\t\t<div class=\"elementor-element elementor-element-ec71905 elementor-widget elementor-widget-heading\" data-id=\"ec71905\" data-element_type=\"widget\" data-widget_type=\"heading.default\">\n\t\t\t\t<div class=\"elementor-widget-container\">\n\t\t\t\t\t<h2 class=\"elementor-heading-title elementor-size-default\">Travailler ensemble<\/h2>\t\t\t\t<\/div>\n\t\t\t\t<\/div>\n\t\t\t\t<\/div>\n\t\t\t\t<\/div>\n\t\t\t\t\t<\/div>\n\t\t\t\t<\/div>\n\t\t<div class=\"has_eae_slider elementor-element elementor-element-8bc1f95 e-flex e-con-boxed wpr-particle-no wpr-jarallax-no wpr-parallax-no wpr-sticky-section-no e-con e-parent\" data-eae-slider=\"77886\" data-id=\"8bc1f95\" data-element_type=\"container\">\n\t\t\t\t\t<div class=\"e-con-inner\">\n\t\t\t\t<div class=\"elementor-element elementor-element-aa8c481 elementor-widget elementor-widget-image-gallery\" data-id=\"aa8c481\" data-element_type=\"widget\" data-widget_type=\"image-gallery.default\">\n\t\t\t\t<div class=\"elementor-widget-container\">\n\t\t\t\t\t\t\t<div class=\"elementor-image-gallery\">\n\t\t\t<div id='gallery-1' class='gallery galleryid-1751 gallery-columns-3 gallery-size-medium_large'><figure class='gallery-item'>\n\t\t\t<div class='gallery-icon landscape'>\n\t\t\t\t<a data-elementor-open-lightbox=\"yes\" data-elementor-lightbox-slideshow=\"aa8c481\" data-elementor-lightbox-title=\"Learning Masterminds Picture1\" data-e-action-hash=\"#elementor-action%3Aaction%3Dlightbox%26settings%3DeyJpZCI6MTc0MCwidXJsIjoiaHR0cHM6XC9cL2RhYXJhLmFjYWRlbXlcL3dwLWNvbnRlbnRcL3VwbG9hZHNcLzIwMjVcLzA2XC9QaWN0dXJlMS1lMTc1NjI0Njk4NjQwNS5qcGciLCJzbGlkZXNob3ciOiJhYThjNDgxIn0%3D\" href='https:\/\/daara.academy\/wp-content\/uploads\/2025\/06\/Picture1-e1756246986405.jpg'><img decoding=\"async\" width=\"675\" height=\"504\" src=\"https:\/\/daara.academy\/wp-content\/uploads\/2025\/06\/Picture1-e1756246986405.jpg\" class=\"attachment-medium_large size-medium_large\" alt=\"\" srcset=\"https:\/\/daara.academy\/wp-content\/uploads\/2025\/06\/Picture1-e1756246986405.jpg 675w, https:\/\/daara.academy\/wp-content\/uploads\/2025\/06\/Picture1-e1756246986405-300x224.jpg 300w, https:\/\/daara.academy\/wp-content\/uploads\/2025\/06\/Picture1-e1756246986405-16x12.jpg 16w\" sizes=\"(max-width: 675px) 100vw, 675px\" \/><\/a>\n\t\t\t<\/div><\/figure><figure class='gallery-item'>\n\t\t\t<div class='gallery-icon landscape'>\n\t\t\t\t<a data-elementor-open-lightbox=\"yes\" data-elementor-lightbox-slideshow=\"aa8c481\" data-elementor-lightbox-title=\"Learning Masterminds Picture3\" data-e-action-hash=\"#elementor-action%3Aaction%3Dlightbox%26settings%3DeyJpZCI6MTczOCwidXJsIjoiaHR0cHM6XC9cL2RhYXJhLmFjYWRlbXlcL3dwLWNvbnRlbnRcL3VwbG9hZHNcLzIwMjVcLzA2XC9QaWN0dXJlMy5qcGciLCJzbGlkZXNob3ciOiJhYThjNDgxIn0%3D\" href='https:\/\/daara.academy\/wp-content\/uploads\/2025\/06\/Picture3.jpg'><img loading=\"lazy\" decoding=\"async\" width=\"684\" height=\"516\" src=\"https:\/\/daara.academy\/wp-content\/uploads\/2025\/06\/Picture3.jpg\" class=\"attachment-medium_large size-medium_large\" alt=\"\" srcset=\"https:\/\/daara.academy\/wp-content\/uploads\/2025\/06\/Picture3.jpg 684w, https:\/\/daara.academy\/wp-content\/uploads\/2025\/06\/Picture3-300x226.jpg 300w, https:\/\/daara.academy\/wp-content\/uploads\/2025\/06\/Picture3-16x12.jpg 16w\" sizes=\"(max-width: 684px) 100vw, 684px\" \/><\/a>\n\t\t\t<\/div><\/figure><figure class='gallery-item'>\n\t\t\t<div class='gallery-icon landscape'>\n\t\t\t\t<a data-elementor-open-lightbox=\"yes\" data-elementor-lightbox-slideshow=\"aa8c481\" data-elementor-lightbox-title=\"Picture4\" data-e-action-hash=\"#elementor-action%3Aaction%3Dlightbox%26settings%3DeyJpZCI6MTc3MSwidXJsIjoiaHR0cHM6XC9cL2RhYXJhLmFjYWRlbXlcL3dwLWNvbnRlbnRcL3VwbG9hZHNcLzIwMjVcLzA3XC9QaWN0dXJlNC1lMTc1NjI0NzAzODczMi5qcGciLCJzbGlkZXNob3ciOiJhYThjNDgxIn0%3D\" href='https:\/\/daara.academy\/wp-content\/uploads\/2025\/07\/Picture4-e1756247038732.jpg'><img loading=\"lazy\" decoding=\"async\" width=\"632\" height=\"481\" src=\"https:\/\/daara.academy\/wp-content\/uploads\/2025\/07\/Picture4-e1756247038732.jpg\" class=\"attachment-medium_large size-medium_large\" alt=\"\" srcset=\"https:\/\/daara.academy\/wp-content\/uploads\/2025\/07\/Picture4-e1756247038732.jpg 632w, https:\/\/daara.academy\/wp-content\/uploads\/2025\/07\/Picture4-e1756247038732-300x228.jpg 300w, https:\/\/daara.academy\/wp-content\/uploads\/2025\/07\/Picture4-e1756247038732-16x12.jpg 16w\" sizes=\"(max-width: 632px) 100vw, 632px\" \/><\/a>\n\t\t\t<\/div><\/figure>\n\t\t<\/div>\n\t\t<\/div>\n\t\t\t\t\t\t<\/div>\n\t\t\t\t<\/div>\n\t\t\t\t\t<\/div>\n\t\t\t\t<\/div>\n\t\t<div class=\"has_eae_slider elementor-element elementor-element-d5de782 e-flex e-con-boxed wpr-particle-no wpr-jarallax-no wpr-parallax-no wpr-sticky-section-no e-con e-parent\" data-eae-slider=\"48901\" data-id=\"d5de782\" data-element_type=\"container\">\n\t\t\t\t\t<div class=\"e-con-inner\">\n\t\t\t\t<div class=\"elementor-element elementor-element-ae1b652 elementor-align-center elementor-widget elementor-widget-button\" data-id=\"ae1b652\" data-element_type=\"widget\" data-widget_type=\"button.default\">\n\t\t\t\t<div class=\"elementor-widget-container\">\n\t\t\t\t\t\t\t\t\t<div class=\"elementor-button-wrapper\">\n\t\t\t\t\t<a class=\"elementor-button elementor-button-link elementor-size-sm\" href=\"https:\/\/daara.academy\/contact\/\">\n\t\t\t\t\t\t<span class=\"elementor-button-content-wrapper\">\n\t\t\t\t\t\t\t\t\t<span class=\"elementor-button-text\">Devenir partenaire<\/span>\n\t\t\t\t\t<\/span>\n\t\t\t\t\t<\/a>\n\t\t\t\t<\/div>\n\t\t\t\t\t\t\t\t<\/div>\n\t\t\t\t<\/div>\n\t\t\t\t\t<\/div>\n\t\t\t\t<\/div>\n\t\t\t\t<\/div>","protected":false},"excerpt":{"rendered":"<p>Learning Masterminds \u00a0Dr. Mama Laryea Executive Director Learning Masterminds Country: Ghana Founded: August 2023 Learning Masterminds is an NGO consisting of seven experts with diverse skills focused on education development including foundational learning, and positive youth development. The experts were the senior leadership team of the USAID Partnership for Education Learning project that trained over 68,000 teachers and improved reading for over 750,000 children in over 7,200 schools, distributing 15 million reading materials including braille nationwide. Key Activities Project management including implementing and research, stakeholder engagement, project start up and close out, teaching and learning including foundational literacy and numeracy using structured pedagogy, improving pupils\u2019 learning, monitoring, evaluation, and learning including development of digital tools and dashboards, and event planning and production including launches, high-level committee meetings and stakeholders\u2019 site visit support. Recent Impact Conducted two USAID-funded surveys in northern Ghana for the SAGES Systems Strengthening Activity, on textbook production and supply chain mechanisms and public satisfaction which revealed bottlenecks in Ghana&#8217;s education systems and opportunities for improvement. Also implementing the INSPIRE youth project equipping over 90 students with relevant knowledge, social and life skills to help keep them in school and prepare them for future leadership\/decision-making roles. Vision for the Future A world where the boundless potential of the next generation of children and youth is unlocked to drive lasting change. Cohort 2 Working Together Become a Partner<\/p>","protected":false},"author":5,"featured_media":0,"parent":18,"menu_order":0,"comment_status":"closed","ping_status":"closed","template":"","meta":{"footnotes":""},"class_list":["post-1751","page","type-page","status-publish","hentry"],"_links":{"self":[{"href":"https:\/\/daara.academy\/fr\/wp-json\/wp\/v2\/pages\/1751","targetHints":{"allow":["GET"]}}],"collection":[{"href":"https:\/\/daara.academy\/fr\/wp-json\/wp\/v2\/pages"}],"about":[{"href":"https:\/\/daara.academy\/fr\/wp-json\/wp\/v2\/types\/page"}],"author":[{"embeddable":true,"href":"https:\/\/daara.academy\/fr\/wp-json\/wp\/v2\/users\/5"}],"replies":[{"embeddable":true,"href":"https:\/\/daara.academy\/fr\/wp-json\/wp\/v2\/comments?post=1751"}],"version-history":[{"count":23,"href":"https:\/\/daara.academy\/fr\/wp-json\/wp\/v2\/pages\/1751\/revisions"}],"predecessor-version":[{"id":2978,"href":"https:\/\/daara.academy\/fr\/wp-json\/wp\/v2\/pages\/1751\/revisions\/2978"}],"up":[{"embeddable":true,"href":"https:\/\/daara.academy\/fr\/wp-json\/wp\/v2\/pages\/18"}],"wp:attachment":[{"href":"https:\/\/daara.academy\/fr\/wp-json\/wp\/v2\/media?parent=1751"}],"curies":[{"name":"wp","href":"https:\/\/api.w.org\/{rel}","templated":true}]}}