{"id":1829,"date":"2025-08-19T20:53:19","date_gmt":"2025-08-19T20:53:19","guid":{"rendered":"https:\/\/daara.academy\/?page_id=1829"},"modified":"2026-03-26T22:40:49","modified_gmt":"2026-03-26T22:40:49","slug":"partner-the-jenga-hub","status":"publish","type":"page","link":"https:\/\/daara.academy\/fr\/daara-partners\/partner-the-jenga-hub\/","title":{"rendered":"Partner &#8211; The Jenga Hub"},"content":{"rendered":"<div data-elementor-type=\"wp-page\" data-elementor-id=\"1829\" class=\"elementor elementor-1829\">\n\t\t\t\t<div class=\"has_eae_slider elementor-element elementor-element-bd1739c e-con-full e-flex wpr-particle-no wpr-jarallax-no wpr-parallax-no wpr-sticky-section-no e-con e-parent\" data-eae-slider=\"47137\" data-id=\"bd1739c\" data-element_type=\"container\" data-settings=\"{&quot;background_background&quot;:&quot;classic&quot;}\">\n\t\t<div class=\"has_eae_slider elementor-element elementor-element-51f28de e-con-full e-flex wpr-particle-no wpr-jarallax-no wpr-parallax-no wpr-sticky-section-no e-con e-child\" data-eae-slider=\"96946\" data-id=\"51f28de\" data-element_type=\"container\" data-settings=\"{&quot;background_background&quot;:&quot;classic&quot;,&quot;shape_divider_bottom&quot;:&quot;mountains&quot;}\">\n\t\t\t\t<div class=\"elementor-shape elementor-shape-bottom\" aria-hidden=\"true\" data-negative=\"false\">\n\t\t\t<svg xmlns=\"http:\/\/www.w3.org\/2000\/svg\" viewbox=\"0 0 1000 100\" preserveaspectratio=\"none\">\n\t<path class=\"elementor-shape-fill\" opacity=\"0.33\" d=\"M473,67.3c-203.9,88.3-263.1-34-320.3,0C66,119.1,0,59.7,0,59.7V0h1000v59.7 c0,0-62.1,26.1-94.9,29.3c-32.8,3.3-62.8-12.3-75.8-22.1C806,49.6,745.3,8.7,694.9,4.7S492.4,59,473,67.3z\"\/>\n\t<path class=\"elementor-shape-fill\" opacity=\"0.66\" d=\"M734,67.3c-45.5,0-77.2-23.2-129.1-39.1c-28.6-8.7-150.3-10.1-254,39.1 s-91.7-34.4-149.2,0C115.7,118.3,0,39.8,0,39.8V0h1000v36.5c0,0-28.2-18.5-92.1-18.5C810.2,18.1,775.7,67.3,734,67.3z\"\/>\n\t<path class=\"elementor-shape-fill\" d=\"M766.1,28.9c-200-57.5-266,65.5-395.1,19.5C242,1.8,242,5.4,184.8,20.6C128,35.8,132.3,44.9,89.9,52.5C28.6,63.7,0,0,0,0 h1000c0,0-9.9,40.9-83.6,48.1S829.6,47,766.1,28.9z\"\/>\n<\/svg>\t\t<\/div>\n\t\t\t\t<div class=\"elementor-element elementor-element-e92589c elementor-widget elementor-widget-spacer\" data-id=\"e92589c\" data-element_type=\"widget\" data-widget_type=\"spacer.default\">\n\t\t\t\t<div class=\"elementor-widget-container\">\n\t\t\t\t\t\t\t<div class=\"elementor-spacer\">\n\t\t\t<div class=\"elementor-spacer-inner\"><\/div>\n\t\t<\/div>\n\t\t\t\t\t\t<\/div>\n\t\t\t\t<\/div>\n\t\t\t\t<div class=\"elementor-element elementor-element-76b3299 elementor-widget elementor-widget-heading\" data-id=\"76b3299\" data-element_type=\"widget\" data-widget_type=\"heading.default\">\n\t\t\t\t<div class=\"elementor-widget-container\">\n\t\t\t\t\t<h2 class=\"elementor-heading-title elementor-size-default\">The Jenga Hub<\/h2>\t\t\t\t<\/div>\n\t\t\t\t<\/div>\n\t\t\t\t<div class=\"elementor-element elementor-element-95ed8a1 elementor-widget-divider--view-line elementor-widget elementor-widget-divider\" data-id=\"95ed8a1\" data-element_type=\"widget\" data-widget_type=\"divider.default\">\n\t\t\t\t<div class=\"elementor-widget-container\">\n\t\t\t\t\t\t\t<div class=\"elementor-divider\">\n\t\t\t<span class=\"elementor-divider-separator\">\n\t\t\t\t\t\t<\/span>\n\t\t<\/div>\n\t\t\t\t\t\t<\/div>\n\t\t\t\t<\/div>\n\t\t\t\t<\/div>\n\t\t\t\t<\/div>\n\t\t<div class=\"has_eae_slider elementor-element elementor-element-0ab8017 e-flex e-con-boxed wpr-particle-no wpr-jarallax-no wpr-parallax-no wpr-sticky-section-no e-con e-parent\" data-eae-slider=\"93648\" data-id=\"0ab8017\" data-element_type=\"container\" data-settings=\"{&quot;background_background&quot;:&quot;classic&quot;,&quot;shape_divider_bottom&quot;:&quot;mountains&quot;}\">\n\t\t\t\t\t<div class=\"e-con-inner\">\n\t\t\t\t<div class=\"elementor-shape elementor-shape-bottom\" aria-hidden=\"true\" data-negative=\"false\">\n\t\t\t<svg xmlns=\"http:\/\/www.w3.org\/2000\/svg\" viewbox=\"0 0 1000 100\" preserveaspectratio=\"none\">\n\t<path class=\"elementor-shape-fill\" opacity=\"0.33\" d=\"M473,67.3c-203.9,88.3-263.1-34-320.3,0C66,119.1,0,59.7,0,59.7V0h1000v59.7 c0,0-62.1,26.1-94.9,29.3c-32.8,3.3-62.8-12.3-75.8-22.1C806,49.6,745.3,8.7,694.9,4.7S492.4,59,473,67.3z\"\/>\n\t<path class=\"elementor-shape-fill\" opacity=\"0.66\" d=\"M734,67.3c-45.5,0-77.2-23.2-129.1-39.1c-28.6-8.7-150.3-10.1-254,39.1 s-91.7-34.4-149.2,0C115.7,118.3,0,39.8,0,39.8V0h1000v36.5c0,0-28.2-18.5-92.1-18.5C810.2,18.1,775.7,67.3,734,67.3z\"\/>\n\t<path class=\"elementor-shape-fill\" d=\"M766.1,28.9c-200-57.5-266,65.5-395.1,19.5C242,1.8,242,5.4,184.8,20.6C128,35.8,132.3,44.9,89.9,52.5C28.6,63.7,0,0,0,0 h1000c0,0-9.9,40.9-83.6,48.1S829.6,47,766.1,28.9z\"\/>\n<\/svg>\t\t<\/div>\n\t\t<div class=\"has_eae_slider elementor-element elementor-element-a63b189 e-con-full e-flex wpr-particle-no wpr-jarallax-no wpr-parallax-no wpr-sticky-section-no e-con e-child\" data-eae-slider=\"24006\" data-id=\"a63b189\" data-element_type=\"container\">\n\t\t\t\t<div class=\"elementor-element elementor-element-27390dc elementor-widget elementor-widget-image\" data-id=\"27390dc\" data-element_type=\"widget\" data-widget_type=\"image.default\">\n\t\t\t\t<div class=\"elementor-widget-container\">\n\t\t\t\t\t\t\t\t\t\t\t\t\t\t\t<img decoding=\"async\" width=\"390\" height=\"114\" src=\"https:\/\/daara.academy\/wp-content\/uploads\/2025\/08\/jenga-hub-logo.jpg\" class=\"attachment-full size-full wp-image-1833\" alt=\"\" srcset=\"https:\/\/daara.academy\/wp-content\/uploads\/2025\/08\/jenga-hub-logo.jpg 390w, https:\/\/daara.academy\/wp-content\/uploads\/2025\/08\/jenga-hub-logo-300x88.jpg 300w, https:\/\/daara.academy\/wp-content\/uploads\/2025\/08\/jenga-hub-logo-18x5.jpg 18w\" sizes=\"(max-width: 390px) 100vw, 390px\" \/>\t\t\t\t\t\t\t\t\t\t\t\t\t\t\t<\/div>\n\t\t\t\t<\/div>\n\t\t\t\t<div class=\"elementor-element elementor-element-13005db elementor-widget__width-initial elementor-widget elementor-widget-image\" data-id=\"13005db\" data-element_type=\"widget\" data-widget_type=\"image.default\">\n\t\t\t\t<div class=\"elementor-widget-container\">\n\t\t\t\t\t\t\t\t\t\t\t\t\t\t\t<img fetchpriority=\"high\" decoding=\"async\" width=\"679\" height=\"779\" src=\"https:\/\/daara.academy\/wp-content\/uploads\/2025\/08\/Nancy-Profile-Pic.jpg\" class=\"attachment-2048x2048 size-2048x2048 wp-image-1837\" alt=\"\" srcset=\"https:\/\/daara.academy\/wp-content\/uploads\/2025\/08\/Nancy-Profile-Pic.jpg 679w, https:\/\/daara.academy\/wp-content\/uploads\/2025\/08\/Nancy-Profile-Pic-261x300.jpg 261w, https:\/\/daara.academy\/wp-content\/uploads\/2025\/08\/Nancy-Profile-Pic-10x12.jpg 10w\" sizes=\"(max-width: 679px) 100vw, 679px\" \/>\t\t\t\t\t\t\t\t\t\t\t\t\t\t\t<\/div>\n\t\t\t\t<\/div>\n\t\t\t\t<div class=\"elementor-element elementor-element-551a23e elementor-widget elementor-widget-text-editor\" data-id=\"551a23e\" data-element_type=\"widget\" data-widget_type=\"text-editor.default\">\n\t\t\t\t<div class=\"elementor-widget-container\">\n\t\t\t\t\t\t\t\t\t<p><strong>Nancy Abraham Sumari <br \/><\/strong>Directeur ex\u00e9cutif<\/p>\t\t\t\t\t\t\t\t<\/div>\n\t\t\t\t<\/div>\n\t\t\t\t<\/div>\n\t\t<div class=\"has_eae_slider elementor-element elementor-element-f8d0e2a e-con-full e-flex wpr-particle-no wpr-jarallax-no wpr-parallax-no wpr-sticky-section-no e-con e-child\" data-eae-slider=\"35243\" data-id=\"f8d0e2a\" data-element_type=\"container\">\n\t\t\t\t<div class=\"elementor-element elementor-element-cfb6321 elementor-widget elementor-widget-shortcode\" data-id=\"cfb6321\" data-element_type=\"widget\" data-widget_type=\"shortcode.default\">\n\t\t\t\t<div class=\"elementor-widget-container\">\n\t\t\t\t\t\t\t<div class=\"elementor-shortcode\"><div class=\"map_wrapper\" id=\"map_wrapper_790\">\n<div class=\"map_box\" style=\"max-width:2000px\">\n<div class=\"map_aspect_ratio\" style=\"padding-top:56%\" data-padding-top=\"56%\" data-padding-top-mobile=\"50%\">\n<div class=\"map_container\">\n<div class=\"map_render map_loading\" id=\"map_790\"><\/div>\n<\/div>\n<\/div>\n<\/div>\n<\/div>\n<\/div>\n\t\t\t\t\t\t<\/div>\n\t\t\t\t<\/div>\n\t\t\t\t<div class=\"elementor-element elementor-element-ff16bb0 elementor-hidden-desktop elementor-hidden-tablet elementor-widget elementor-widget-spacer\" data-id=\"ff16bb0\" data-element_type=\"widget\" data-widget_type=\"spacer.default\">\n\t\t\t\t<div class=\"elementor-widget-container\">\n\t\t\t\t\t\t\t<div class=\"elementor-spacer\">\n\t\t\t<div class=\"elementor-spacer-inner\"><\/div>\n\t\t<\/div>\n\t\t\t\t\t\t<\/div>\n\t\t\t\t<\/div>\n\t\t\t\t<\/div>\n\t\t\t\t\t<\/div>\n\t\t\t\t<\/div>\n\t\t<div class=\"has_eae_slider elementor-element elementor-element-26b324b e-con-full e-flex wpr-particle-no wpr-jarallax-no wpr-parallax-no wpr-sticky-section-no e-con e-parent\" data-eae-slider=\"40983\" data-id=\"26b324b\" data-element_type=\"container\" data-settings=\"{&quot;background_background&quot;:&quot;classic&quot;,&quot;shape_divider_top&quot;:&quot;mountains&quot;,&quot;shape_divider_bottom&quot;:&quot;mountains&quot;}\">\n\t\t\t\t<div class=\"elementor-shape elementor-shape-top\" aria-hidden=\"true\" data-negative=\"false\">\n\t\t\t<svg xmlns=\"http:\/\/www.w3.org\/2000\/svg\" viewbox=\"0 0 1000 100\" preserveaspectratio=\"none\">\n\t<path class=\"elementor-shape-fill\" opacity=\"0.33\" d=\"M473,67.3c-203.9,88.3-263.1-34-320.3,0C66,119.1,0,59.7,0,59.7V0h1000v59.7 c0,0-62.1,26.1-94.9,29.3c-32.8,3.3-62.8-12.3-75.8-22.1C806,49.6,745.3,8.7,694.9,4.7S492.4,59,473,67.3z\"\/>\n\t<path class=\"elementor-shape-fill\" opacity=\"0.66\" d=\"M734,67.3c-45.5,0-77.2-23.2-129.1-39.1c-28.6-8.7-150.3-10.1-254,39.1 s-91.7-34.4-149.2,0C115.7,118.3,0,39.8,0,39.8V0h1000v36.5c0,0-28.2-18.5-92.1-18.5C810.2,18.1,775.7,67.3,734,67.3z\"\/>\n\t<path class=\"elementor-shape-fill\" d=\"M766.1,28.9c-200-57.5-266,65.5-395.1,19.5C242,1.8,242,5.4,184.8,20.6C128,35.8,132.3,44.9,89.9,52.5C28.6,63.7,0,0,0,0 h1000c0,0-9.9,40.9-83.6,48.1S829.6,47,766.1,28.9z\"\/>\n<\/svg>\t\t<\/div>\n\t\t\t\t<div class=\"elementor-shape elementor-shape-bottom\" aria-hidden=\"true\" data-negative=\"false\">\n\t\t\t<svg xmlns=\"http:\/\/www.w3.org\/2000\/svg\" viewbox=\"0 0 1000 100\" preserveaspectratio=\"none\">\n\t<path class=\"elementor-shape-fill\" opacity=\"0.33\" d=\"M473,67.3c-203.9,88.3-263.1-34-320.3,0C66,119.1,0,59.7,0,59.7V0h1000v59.7 c0,0-62.1,26.1-94.9,29.3c-32.8,3.3-62.8-12.3-75.8-22.1C806,49.6,745.3,8.7,694.9,4.7S492.4,59,473,67.3z\"\/>\n\t<path class=\"elementor-shape-fill\" opacity=\"0.66\" d=\"M734,67.3c-45.5,0-77.2-23.2-129.1-39.1c-28.6-8.7-150.3-10.1-254,39.1 s-91.7-34.4-149.2,0C115.7,118.3,0,39.8,0,39.8V0h1000v36.5c0,0-28.2-18.5-92.1-18.5C810.2,18.1,775.7,67.3,734,67.3z\"\/>\n\t<path class=\"elementor-shape-fill\" d=\"M766.1,28.9c-200-57.5-266,65.5-395.1,19.5C242,1.8,242,5.4,184.8,20.6C128,35.8,132.3,44.9,89.9,52.5C28.6,63.7,0,0,0,0 h1000c0,0-9.9,40.9-83.6,48.1S829.6,47,766.1,28.9z\"\/>\n<\/svg>\t\t<\/div>\n\t\t\t\t<div class=\"elementor-element elementor-element-35e4260 elementor-widget__width-initial elementor-widget elementor-widget-heading\" data-id=\"35e4260\" data-element_type=\"widget\" data-widget_type=\"heading.default\">\n\t\t\t\t<div class=\"elementor-widget-container\">\n\t\t\t\t\t<h2 class=\"elementor-heading-title elementor-size-default\">The Jenga Hub<\/h2>\t\t\t\t<\/div>\n\t\t\t\t<\/div>\n\t\t\t\t<div class=\"elementor-element elementor-element-51b2d6c elementor-widget elementor-widget-spacer\" data-id=\"51b2d6c\" data-element_type=\"widget\" data-widget_type=\"spacer.default\">\n\t\t\t\t<div class=\"elementor-widget-container\">\n\t\t\t\t\t\t\t<div class=\"elementor-spacer\">\n\t\t\t<div class=\"elementor-spacer-inner\"><\/div>\n\t\t<\/div>\n\t\t\t\t\t\t<\/div>\n\t\t\t\t<\/div>\n\t\t\t\t<div class=\"elementor-element elementor-element-b12b28b elementor-widget__width-initial elementor-widget elementor-widget-text-editor\" data-id=\"b12b28b\" data-element_type=\"widget\" data-widget_type=\"text-editor.default\">\n\t\t\t\t<div class=\"elementor-widget-container\">\n\t\t\t\t\t\t\t\t\t<p><strong>Pays<\/strong>: Tanzanie<br \/><strong>Fond\u00e9e<\/strong>: <strong>Juillet 2014<br \/><\/strong><\/p><p>Jenga Hub est une organisation \u00e0 but non lucratif bas\u00e9e en Tanzanie qui s'appuie sur la technologie, la cr\u00e9ativit\u00e9 et la conception inclusive pour am\u00e9liorer les r\u00e9sultats de l'apprentissage fondamental pour les enfants des communaut\u00e9s d\u00e9favoris\u00e9es.<\/p><h4><strong>Activit\u00e9s principales<\/strong><\/h4><p>Nous proposons des programmes align\u00e9s sur les programmes scolaires en mati\u00e8re d'alphab\u00e9tisation de base et de calcul par le biais de l'ECCR (Equitable Creative Coding Resources), de l'application Kalimani pour les apprenants sourds, de la formation des enseignants et des camps d'entra\u00eenement \u00e0 l'apprentissage num\u00e9rique. Nous soutenons \u00e9galement les efforts nationaux en mati\u00e8re de programmes scolaires.<\/p><p><strong>Impact r\u00e9cent<\/strong><\/p><p>35 000+ apprenants ont \u00e9t\u00e9 touch\u00e9s dans 8 r\u00e9gions de Tanzanie. Formation de plus de 150 enseignants \u00e0 la p\u00e9dagogie inclusive. Les premiers projets pilotes de l'application Kalimani montrent une am\u00e9lioration des r\u00e9sultats en mati\u00e8re d'alphab\u00e9tisation et de calcul chez les apprenants sourds.<\/p><h4><strong>Une vision pour l'avenir<\/strong><\/h4><p>Atteindre plus de 150 000 apprenants, approfondir notre int\u00e9gration dans les syst\u00e8mes \u00e9ducatifs publics et faire progresser la p\u00e9dagogie inclusive et l'apprentissage num\u00e9rique au niveau national et r\u00e9gional dans toute l'Afrique subsaharienne.<\/p><p><strong><em>Cohorte 2<\/em><\/strong><\/p>\t\t\t\t\t\t\t\t<\/div>\n\t\t\t\t<\/div>\n\t\t\t\t<\/div>\n\t\t<div class=\"has_eae_slider elementor-element elementor-element-1582ba5 e-flex e-con-boxed wpr-particle-no wpr-jarallax-no wpr-parallax-no wpr-sticky-section-no e-con e-parent\" data-eae-slider=\"53210\" data-id=\"1582ba5\" data-element_type=\"container\">\n\t\t\t\t\t<div class=\"e-con-inner\">\n\t\t<div class=\"has_eae_slider elementor-element elementor-element-2272884 e-con-full e-flex wpr-particle-no wpr-jarallax-no wpr-parallax-no wpr-sticky-section-no e-con e-child\" data-eae-slider=\"73521\" data-id=\"2272884\" data-element_type=\"container\">\n\t\t<div class=\"has_eae_slider elementor-element elementor-element-195cec5 e-con-full e-flex wpr-particle-no wpr-jarallax-no wpr-parallax-no wpr-sticky-section-no e-con e-child\" data-eae-slider=\"88763\" data-id=\"195cec5\" data-element_type=\"container\">\n\t\t\t\t<div class=\"elementor-element elementor-element-d90b8bc elementor-widget elementor-widget-spacer\" data-id=\"d90b8bc\" data-element_type=\"widget\" data-widget_type=\"spacer.default\">\n\t\t\t\t<div class=\"elementor-widget-container\">\n\t\t\t\t\t\t\t<div class=\"elementor-spacer\">\n\t\t\t<div class=\"elementor-spacer-inner\"><\/div>\n\t\t<\/div>\n\t\t\t\t\t\t<\/div>\n\t\t\t\t<\/div>\n\t\t\t\t<div class=\"elementor-element elementor-element-ec71905 elementor-widget elementor-widget-heading\" data-id=\"ec71905\" data-element_type=\"widget\" data-widget_type=\"heading.default\">\n\t\t\t\t<div class=\"elementor-widget-container\">\n\t\t\t\t\t<h2 class=\"elementor-heading-title elementor-size-default\">Travailler ensemble<\/h2>\t\t\t\t<\/div>\n\t\t\t\t<\/div>\n\t\t\t\t<\/div>\n\t\t\t\t<\/div>\n\t\t\t\t\t<\/div>\n\t\t\t\t<\/div>\n\t\t<div class=\"has_eae_slider elementor-element elementor-element-8bc1f95 e-flex e-con-boxed wpr-particle-no wpr-jarallax-no wpr-parallax-no wpr-sticky-section-no e-con e-parent\" data-eae-slider=\"585\" data-id=\"8bc1f95\" data-element_type=\"container\">\n\t\t\t\t\t<div class=\"e-con-inner\">\n\t\t\t\t<div class=\"elementor-element elementor-element-aa8c481 elementor-widget elementor-widget-image-gallery\" data-id=\"aa8c481\" data-element_type=\"widget\" data-widget_type=\"image-gallery.default\">\n\t\t\t\t<div class=\"elementor-widget-container\">\n\t\t\t\t\t\t\t<div class=\"elementor-image-gallery\">\n\t\t\t<div id='gallery-1' class='gallery galleryid-1829 gallery-columns-3 gallery-size-medium_large'><figure class='gallery-item'>\n\t\t\t<div class='gallery-icon landscape'>\n\t\t\t\t<a data-elementor-open-lightbox=\"yes\" data-elementor-lightbox-slideshow=\"aa8c481\" data-elementor-lightbox-title=\"Jenga Hub\" data-e-action-hash=\"#elementor-action%3Aaction%3Dlightbox%26settings%3DeyJpZCI6MTgzNCwidXJsIjoiaHR0cHM6XC9cL2RhYXJhLmFjYWRlbXlcL3dwLWNvbnRlbnRcL3VwbG9hZHNcLzIwMjVcLzA4XC9KZW5nYS1IdWIuanBlZyIsInNsaWRlc2hvdyI6ImFhOGM0ODEifQ%3D%3D\" href='https:\/\/daara.academy\/wp-content\/uploads\/2025\/08\/Jenga-Hub.jpeg'><img decoding=\"async\" width=\"768\" height=\"512\" src=\"https:\/\/daara.academy\/wp-content\/uploads\/2025\/08\/Jenga-Hub-768x512.jpeg\" class=\"attachment-medium_large size-medium_large\" alt=\"\" srcset=\"https:\/\/daara.academy\/wp-content\/uploads\/2025\/08\/Jenga-Hub-768x512.jpeg 768w, https:\/\/daara.academy\/wp-content\/uploads\/2025\/08\/Jenga-Hub-300x200.jpeg 300w, https:\/\/daara.academy\/wp-content\/uploads\/2025\/08\/Jenga-Hub-1024x682.jpeg 1024w, https:\/\/daara.academy\/wp-content\/uploads\/2025\/08\/Jenga-Hub-1536x1024.jpeg 1536w, https:\/\/daara.academy\/wp-content\/uploads\/2025\/08\/Jenga-Hub-2048x1365.jpeg 2048w, https:\/\/daara.academy\/wp-content\/uploads\/2025\/08\/Jenga-Hub-18x12.jpeg 18w, https:\/\/daara.academy\/wp-content\/uploads\/2025\/08\/Jenga-Hub.jpeg 1000w\" sizes=\"(max-width: 768px) 100vw, 768px\" \/><\/a>\n\t\t\t<\/div><\/figure><figure class='gallery-item'>\n\t\t\t<div class='gallery-icon landscape'>\n\t\t\t\t<a data-elementor-open-lightbox=\"yes\" data-elementor-lightbox-slideshow=\"aa8c481\" data-elementor-lightbox-title=\"Kalimani App\" data-e-action-hash=\"#elementor-action%3Aaction%3Dlightbox%26settings%3DeyJpZCI6MTgzNiwidXJsIjoiaHR0cHM6XC9cL2RhYXJhLmFjYWRlbXlcL3dwLWNvbnRlbnRcL3VwbG9hZHNcLzIwMjVcLzA4XC9LYWxpbWFuaS1BcHAuanBlZyIsInNsaWRlc2hvdyI6ImFhOGM0ODEifQ%3D%3D\" href='https:\/\/daara.academy\/wp-content\/uploads\/2025\/08\/Kalimani-App.jpeg'><img loading=\"lazy\" decoding=\"async\" width=\"768\" height=\"512\" src=\"https:\/\/daara.academy\/wp-content\/uploads\/2025\/08\/Kalimani-App-768x512.jpeg\" class=\"attachment-medium_large size-medium_large\" alt=\"\" srcset=\"https:\/\/daara.academy\/wp-content\/uploads\/2025\/08\/Kalimani-App-768x512.jpeg 768w, https:\/\/daara.academy\/wp-content\/uploads\/2025\/08\/Kalimani-App-300x200.jpeg 300w, https:\/\/daara.academy\/wp-content\/uploads\/2025\/08\/Kalimani-App-1024x682.jpeg 1024w, https:\/\/daara.academy\/wp-content\/uploads\/2025\/08\/Kalimani-App-1536x1024.jpeg 1536w, https:\/\/daara.academy\/wp-content\/uploads\/2025\/08\/Kalimani-App-2048x1365.jpeg 2048w, https:\/\/daara.academy\/wp-content\/uploads\/2025\/08\/Kalimani-App-18x12.jpeg 18w, https:\/\/daara.academy\/wp-content\/uploads\/2025\/08\/Kalimani-App.jpeg 1000w\" sizes=\"(max-width: 768px) 100vw, 768px\" \/><\/a>\n\t\t\t<\/div><\/figure><figure class='gallery-item'>\n\t\t\t<div class='gallery-icon landscape'>\n\t\t\t\t<a data-elementor-open-lightbox=\"yes\" data-elementor-lightbox-slideshow=\"aa8c481\" data-elementor-lightbox-title=\"Jenga In Class\" data-e-action-hash=\"#elementor-action%3Aaction%3Dlightbox%26settings%3DeyJpZCI6MTgzNSwidXJsIjoiaHR0cHM6XC9cL2RhYXJhLmFjYWRlbXlcL3dwLWNvbnRlbnRcL3VwbG9hZHNcLzIwMjVcLzA4XC9KZW5nYS1Jbi1DbGFzcy5qcGVnIiwic2xpZGVzaG93IjoiYWE4YzQ4MSJ9\" href='https:\/\/daara.academy\/wp-content\/uploads\/2025\/08\/Jenga-In-Class.jpeg'><img loading=\"lazy\" decoding=\"async\" width=\"768\" height=\"512\" src=\"https:\/\/daara.academy\/wp-content\/uploads\/2025\/08\/Jenga-In-Class-768x512.jpeg\" class=\"attachment-medium_large size-medium_large\" alt=\"\" srcset=\"https:\/\/daara.academy\/wp-content\/uploads\/2025\/08\/Jenga-In-Class-768x512.jpeg 768w, https:\/\/daara.academy\/wp-content\/uploads\/2025\/08\/Jenga-In-Class-300x200.jpeg 300w, https:\/\/daara.academy\/wp-content\/uploads\/2025\/08\/Jenga-In-Class-1024x682.jpeg 1024w, https:\/\/daara.academy\/wp-content\/uploads\/2025\/08\/Jenga-In-Class-1536x1024.jpeg 1536w, https:\/\/daara.academy\/wp-content\/uploads\/2025\/08\/Jenga-In-Class-2048x1365.jpeg 2048w, https:\/\/daara.academy\/wp-content\/uploads\/2025\/08\/Jenga-In-Class-18x12.jpeg 18w, https:\/\/daara.academy\/wp-content\/uploads\/2025\/08\/Jenga-In-Class.jpeg 1000w\" sizes=\"(max-width: 768px) 100vw, 768px\" \/><\/a>\n\t\t\t<\/div><\/figure>\n\t\t<\/div>\n\t\t<\/div>\n\t\t\t\t\t\t<\/div>\n\t\t\t\t<\/div>\n\t\t\t\t\t<\/div>\n\t\t\t\t<\/div>\n\t\t<div class=\"has_eae_slider elementor-element elementor-element-d5de782 e-flex e-con-boxed wpr-particle-no wpr-jarallax-no wpr-parallax-no wpr-sticky-section-no e-con e-parent\" data-eae-slider=\"20831\" data-id=\"d5de782\" data-element_type=\"container\">\n\t\t\t\t\t<div class=\"e-con-inner\">\n\t\t\t\t<div class=\"elementor-element elementor-element-ae1b652 elementor-align-center elementor-widget elementor-widget-button\" data-id=\"ae1b652\" data-element_type=\"widget\" data-widget_type=\"button.default\">\n\t\t\t\t<div class=\"elementor-widget-container\">\n\t\t\t\t\t\t\t\t\t<div class=\"elementor-button-wrapper\">\n\t\t\t\t\t<a class=\"elementor-button elementor-button-link elementor-size-sm\" href=\"https:\/\/daara.academy\/contact\/\">\n\t\t\t\t\t\t<span class=\"elementor-button-content-wrapper\">\n\t\t\t\t\t\t\t\t\t<span class=\"elementor-button-text\">Devenir partenaire<\/span>\n\t\t\t\t\t<\/span>\n\t\t\t\t\t<\/a>\n\t\t\t\t<\/div>\n\t\t\t\t\t\t\t\t<\/div>\n\t\t\t\t<\/div>\n\t\t\t\t\t<\/div>\n\t\t\t\t<\/div>\n\t\t\t\t<\/div>","protected":false},"excerpt":{"rendered":"<p>The Jenga Hub Nancy Abraham Sumari Executive Director The Jenga Hub Country: Tanzania Founded: July, 2014 Jenga Hub is a nonprofit organization based in Tanzania that leverages technology, creativity, and inclusive design to improve foundational learning outcomes for children in underserved communities. Key Activities We deliver curriculum-aligned programs in foundational literacy and numeracy through ECCR (Equitable Creative Coding Resources), the Kalimani App for deaf learners, teacher training, and digital learning bootcamps. We also support national curriculum efforts. Recent Impact Reached 35,000+ learners across 8 Tanzanian regions. Trained 150+ teachers in inclusive pedagogy. Early pilots of Kalimani App show improved literacy and numeracy outcomes among deaf learners. Vision for the Future To reach over 150,000 learners, deepen our integration with public education systems, and advance inclusive pedagogy and digital learning nationally and regionally across Sub-Saharan Africa. Cohort 2 Working Together Become a Partner<\/p>","protected":false},"author":1,"featured_media":0,"parent":18,"menu_order":0,"comment_status":"closed","ping_status":"closed","template":"elementor_header_footer","meta":{"footnotes":""},"class_list":["post-1829","page","type-page","status-publish","hentry"],"_links":{"self":[{"href":"https:\/\/daara.academy\/fr\/wp-json\/wp\/v2\/pages\/1829","targetHints":{"allow":["GET"]}}],"collection":[{"href":"https:\/\/daara.academy\/fr\/wp-json\/wp\/v2\/pages"}],"about":[{"href":"https:\/\/daara.academy\/fr\/wp-json\/wp\/v2\/types\/page"}],"author":[{"embeddable":true,"href":"https:\/\/daara.academy\/fr\/wp-json\/wp\/v2\/users\/1"}],"replies":[{"embeddable":true,"href":"https:\/\/daara.academy\/fr\/wp-json\/wp\/v2\/comments?post=1829"}],"version-history":[{"count":18,"href":"https:\/\/daara.academy\/fr\/wp-json\/wp\/v2\/pages\/1829\/revisions"}],"predecessor-version":[{"id":3056,"href":"https:\/\/daara.academy\/fr\/wp-json\/wp\/v2\/pages\/1829\/revisions\/3056"}],"up":[{"embeddable":true,"href":"https:\/\/daara.academy\/fr\/wp-json\/wp\/v2\/pages\/18"}],"wp:attachment":[{"href":"https:\/\/daara.academy\/fr\/wp-json\/wp\/v2\/media?parent=1829"}],"curies":[{"name":"wp","href":"https:\/\/api.w.org\/{rel}","templated":true}]}}