{"id":1893,"date":"2025-08-19T21:43:06","date_gmt":"2025-08-19T21:43:06","guid":{"rendered":"https:\/\/daara.academy\/?page_id=1893"},"modified":"2026-03-03T00:15:24","modified_gmt":"2026-03-03T00:15:24","slug":"partner-gric-africa","status":"publish","type":"page","link":"https:\/\/daara.academy\/fr\/daara-partners\/partner-gric-africa\/","title":{"rendered":"Partenaire - GRiC Africa"},"content":{"rendered":"<div data-elementor-type=\"wp-page\" data-elementor-id=\"1893\" class=\"elementor elementor-1893\">\n\t\t\t\t<div class=\"has_eae_slider elementor-element elementor-element-bd1739c e-con-full e-flex wpr-particle-no wpr-jarallax-no wpr-parallax-no wpr-sticky-section-no e-con e-parent\" data-eae-slider=\"70485\" data-id=\"bd1739c\" data-element_type=\"container\" data-settings=\"{&quot;background_background&quot;:&quot;classic&quot;}\">\n\t\t<div class=\"has_eae_slider elementor-element elementor-element-51f28de e-con-full e-flex wpr-particle-no wpr-jarallax-no wpr-parallax-no wpr-sticky-section-no e-con e-child\" data-eae-slider=\"44516\" data-id=\"51f28de\" data-element_type=\"container\" data-settings=\"{&quot;background_background&quot;:&quot;classic&quot;,&quot;shape_divider_bottom&quot;:&quot;mountains&quot;}\">\n\t\t\t\t<div class=\"elementor-shape elementor-shape-bottom\" aria-hidden=\"true\" data-negative=\"false\">\n\t\t\t<svg xmlns=\"http:\/\/www.w3.org\/2000\/svg\" viewbox=\"0 0 1000 100\" preserveaspectratio=\"none\">\n\t<path class=\"elementor-shape-fill\" opacity=\"0.33\" d=\"M473,67.3c-203.9,88.3-263.1-34-320.3,0C66,119.1,0,59.7,0,59.7V0h1000v59.7 c0,0-62.1,26.1-94.9,29.3c-32.8,3.3-62.8-12.3-75.8-22.1C806,49.6,745.3,8.7,694.9,4.7S492.4,59,473,67.3z\"\/>\n\t<path class=\"elementor-shape-fill\" opacity=\"0.66\" d=\"M734,67.3c-45.5,0-77.2-23.2-129.1-39.1c-28.6-8.7-150.3-10.1-254,39.1 s-91.7-34.4-149.2,0C115.7,118.3,0,39.8,0,39.8V0h1000v36.5c0,0-28.2-18.5-92.1-18.5C810.2,18.1,775.7,67.3,734,67.3z\"\/>\n\t<path class=\"elementor-shape-fill\" d=\"M766.1,28.9c-200-57.5-266,65.5-395.1,19.5C242,1.8,242,5.4,184.8,20.6C128,35.8,132.3,44.9,89.9,52.5C28.6,63.7,0,0,0,0 h1000c0,0-9.9,40.9-83.6,48.1S829.6,47,766.1,28.9z\"\/>\n<\/svg>\t\t<\/div>\n\t\t\t\t<div class=\"elementor-element elementor-element-e92589c elementor-widget elementor-widget-spacer\" data-id=\"e92589c\" data-element_type=\"widget\" data-widget_type=\"spacer.default\">\n\t\t\t\t<div class=\"elementor-widget-container\">\n\t\t\t\t\t\t\t<div class=\"elementor-spacer\">\n\t\t\t<div class=\"elementor-spacer-inner\"><\/div>\n\t\t<\/div>\n\t\t\t\t\t\t<\/div>\n\t\t\t\t<\/div>\n\t\t\t\t<div class=\"elementor-element elementor-element-76b3299 elementor-widget elementor-widget-heading\" data-id=\"76b3299\" data-element_type=\"widget\" data-widget_type=\"heading.default\">\n\t\t\t\t<div class=\"elementor-widget-container\">\n\t\t\t\t\t<h2 class=\"elementor-heading-title elementor-size-default\">GRiC Afrique<\/h2>\t\t\t\t<\/div>\n\t\t\t\t<\/div>\n\t\t\t\t<div class=\"elementor-element elementor-element-95ed8a1 elementor-widget-divider--view-line elementor-widget elementor-widget-divider\" data-id=\"95ed8a1\" data-element_type=\"widget\" data-widget_type=\"divider.default\">\n\t\t\t\t<div class=\"elementor-widget-container\">\n\t\t\t\t\t\t\t<div class=\"elementor-divider\">\n\t\t\t<span class=\"elementor-divider-separator\">\n\t\t\t\t\t\t<\/span>\n\t\t<\/div>\n\t\t\t\t\t\t<\/div>\n\t\t\t\t<\/div>\n\t\t\t\t<\/div>\n\t\t\t\t<\/div>\n\t\t<div class=\"has_eae_slider elementor-element elementor-element-0ab8017 e-flex e-con-boxed wpr-particle-no wpr-jarallax-no wpr-parallax-no wpr-sticky-section-no e-con e-parent\" data-eae-slider=\"36778\" data-id=\"0ab8017\" data-element_type=\"container\" data-settings=\"{&quot;background_background&quot;:&quot;classic&quot;,&quot;shape_divider_bottom&quot;:&quot;mountains&quot;}\">\n\t\t\t\t\t<div class=\"e-con-inner\">\n\t\t\t\t<div class=\"elementor-shape elementor-shape-bottom\" aria-hidden=\"true\" data-negative=\"false\">\n\t\t\t<svg xmlns=\"http:\/\/www.w3.org\/2000\/svg\" viewbox=\"0 0 1000 100\" preserveaspectratio=\"none\">\n\t<path class=\"elementor-shape-fill\" opacity=\"0.33\" d=\"M473,67.3c-203.9,88.3-263.1-34-320.3,0C66,119.1,0,59.7,0,59.7V0h1000v59.7 c0,0-62.1,26.1-94.9,29.3c-32.8,3.3-62.8-12.3-75.8-22.1C806,49.6,745.3,8.7,694.9,4.7S492.4,59,473,67.3z\"\/>\n\t<path class=\"elementor-shape-fill\" opacity=\"0.66\" d=\"M734,67.3c-45.5,0-77.2-23.2-129.1-39.1c-28.6-8.7-150.3-10.1-254,39.1 s-91.7-34.4-149.2,0C115.7,118.3,0,39.8,0,39.8V0h1000v36.5c0,0-28.2-18.5-92.1-18.5C810.2,18.1,775.7,67.3,734,67.3z\"\/>\n\t<path class=\"elementor-shape-fill\" d=\"M766.1,28.9c-200-57.5-266,65.5-395.1,19.5C242,1.8,242,5.4,184.8,20.6C128,35.8,132.3,44.9,89.9,52.5C28.6,63.7,0,0,0,0 h1000c0,0-9.9,40.9-83.6,48.1S829.6,47,766.1,28.9z\"\/>\n<\/svg>\t\t<\/div>\n\t\t<div class=\"has_eae_slider elementor-element elementor-element-a63b189 e-con-full e-flex wpr-particle-no wpr-jarallax-no wpr-parallax-no wpr-sticky-section-no e-con e-child\" data-eae-slider=\"68286\" data-id=\"a63b189\" data-element_type=\"container\">\n\t\t\t\t<div class=\"elementor-element elementor-element-27390dc elementor-widget elementor-widget-image\" data-id=\"27390dc\" data-element_type=\"widget\" data-widget_type=\"image.default\">\n\t\t\t\t<div class=\"elementor-widget-container\">\n\t\t\t\t\t\t\t\t\t\t\t\t\t\t\t<img fetchpriority=\"high\" decoding=\"async\" width=\"730\" height=\"462\" src=\"https:\/\/daara.academy\/wp-content\/uploads\/2025\/08\/Gric-logo.jpg\" class=\"attachment-full size-full wp-image-1895\" alt=\"\" srcset=\"https:\/\/daara.academy\/wp-content\/uploads\/2025\/08\/Gric-logo.jpg 730w, https:\/\/daara.academy\/wp-content\/uploads\/2025\/08\/Gric-logo-300x190.jpg 300w, https:\/\/daara.academy\/wp-content\/uploads\/2025\/08\/Gric-logo-18x12.jpg 18w\" sizes=\"(max-width: 730px) 100vw, 730px\" \/>\t\t\t\t\t\t\t\t\t\t\t\t\t\t\t<\/div>\n\t\t\t\t<\/div>\n\t\t\t\t<div class=\"elementor-element elementor-element-551a23e elementor-widget elementor-widget-text-editor\" data-id=\"551a23e\" data-element_type=\"widget\" data-widget_type=\"text-editor.default\">\n\t\t\t\t<div class=\"elementor-widget-container\">\n\t\t\t\t\t\t\t\t\t<p><strong>Wangui Nyaga<\/strong><br \/>Directeur ex\u00e9cutif<\/p>\t\t\t\t\t\t\t\t<\/div>\n\t\t\t\t<\/div>\n\t\t\t\t<\/div>\n\t\t<div class=\"has_eae_slider elementor-element elementor-element-f8d0e2a e-con-full e-flex wpr-particle-no wpr-jarallax-no wpr-parallax-no wpr-sticky-section-no e-con e-child\" data-eae-slider=\"23411\" data-id=\"f8d0e2a\" data-element_type=\"container\">\n\t\t\t\t<div class=\"elementor-element elementor-element-cfb6321 elementor-widget elementor-widget-shortcode\" data-id=\"cfb6321\" data-element_type=\"widget\" data-widget_type=\"shortcode.default\">\n\t\t\t\t<div class=\"elementor-widget-container\">\n\t\t\t\t\t\t\t<div class=\"elementor-shortcode\"><div class=\"map_wrapper\" id=\"map_wrapper_763\">\n<div class=\"map_box\" style=\"max-width:2000px\">\n<div class=\"map_aspect_ratio\" style=\"padding-top:56%\" data-padding-top=\"56%\" data-padding-top-mobile=\"50%\">\n<div class=\"map_container\">\n<div class=\"map_render map_loading\" id=\"map_763\"><\/div>\n<\/div>\n<\/div>\n<\/div>\n<\/div>\n<\/div>\n\t\t\t\t\t\t<\/div>\n\t\t\t\t<\/div>\n\t\t\t\t<div class=\"elementor-element elementor-element-ff16bb0 elementor-hidden-desktop elementor-hidden-tablet elementor-widget elementor-widget-spacer\" data-id=\"ff16bb0\" data-element_type=\"widget\" data-widget_type=\"spacer.default\">\n\t\t\t\t<div class=\"elementor-widget-container\">\n\t\t\t\t\t\t\t<div class=\"elementor-spacer\">\n\t\t\t<div class=\"elementor-spacer-inner\"><\/div>\n\t\t<\/div>\n\t\t\t\t\t\t<\/div>\n\t\t\t\t<\/div>\n\t\t\t\t<\/div>\n\t\t\t\t\t<\/div>\n\t\t\t\t<\/div>\n\t\t<div class=\"has_eae_slider elementor-element elementor-element-26b324b e-con-full e-flex wpr-particle-no wpr-jarallax-no wpr-parallax-no wpr-sticky-section-no e-con e-parent\" data-eae-slider=\"98259\" data-id=\"26b324b\" data-element_type=\"container\" data-settings=\"{&quot;background_background&quot;:&quot;classic&quot;,&quot;shape_divider_top&quot;:&quot;mountains&quot;,&quot;shape_divider_bottom&quot;:&quot;mountains&quot;}\">\n\t\t\t\t<div class=\"elementor-shape elementor-shape-top\" aria-hidden=\"true\" data-negative=\"false\">\n\t\t\t<svg xmlns=\"http:\/\/www.w3.org\/2000\/svg\" viewbox=\"0 0 1000 100\" preserveaspectratio=\"none\">\n\t<path class=\"elementor-shape-fill\" opacity=\"0.33\" d=\"M473,67.3c-203.9,88.3-263.1-34-320.3,0C66,119.1,0,59.7,0,59.7V0h1000v59.7 c0,0-62.1,26.1-94.9,29.3c-32.8,3.3-62.8-12.3-75.8-22.1C806,49.6,745.3,8.7,694.9,4.7S492.4,59,473,67.3z\"\/>\n\t<path class=\"elementor-shape-fill\" opacity=\"0.66\" d=\"M734,67.3c-45.5,0-77.2-23.2-129.1-39.1c-28.6-8.7-150.3-10.1-254,39.1 s-91.7-34.4-149.2,0C115.7,118.3,0,39.8,0,39.8V0h1000v36.5c0,0-28.2-18.5-92.1-18.5C810.2,18.1,775.7,67.3,734,67.3z\"\/>\n\t<path class=\"elementor-shape-fill\" d=\"M766.1,28.9c-200-57.5-266,65.5-395.1,19.5C242,1.8,242,5.4,184.8,20.6C128,35.8,132.3,44.9,89.9,52.5C28.6,63.7,0,0,0,0 h1000c0,0-9.9,40.9-83.6,48.1S829.6,47,766.1,28.9z\"\/>\n<\/svg>\t\t<\/div>\n\t\t\t\t<div class=\"elementor-shape elementor-shape-bottom\" aria-hidden=\"true\" data-negative=\"false\">\n\t\t\t<svg xmlns=\"http:\/\/www.w3.org\/2000\/svg\" viewbox=\"0 0 1000 100\" preserveaspectratio=\"none\">\n\t<path class=\"elementor-shape-fill\" opacity=\"0.33\" d=\"M473,67.3c-203.9,88.3-263.1-34-320.3,0C66,119.1,0,59.7,0,59.7V0h1000v59.7 c0,0-62.1,26.1-94.9,29.3c-32.8,3.3-62.8-12.3-75.8-22.1C806,49.6,745.3,8.7,694.9,4.7S492.4,59,473,67.3z\"\/>\n\t<path class=\"elementor-shape-fill\" opacity=\"0.66\" d=\"M734,67.3c-45.5,0-77.2-23.2-129.1-39.1c-28.6-8.7-150.3-10.1-254,39.1 s-91.7-34.4-149.2,0C115.7,118.3,0,39.8,0,39.8V0h1000v36.5c0,0-28.2-18.5-92.1-18.5C810.2,18.1,775.7,67.3,734,67.3z\"\/>\n\t<path class=\"elementor-shape-fill\" d=\"M766.1,28.9c-200-57.5-266,65.5-395.1,19.5C242,1.8,242,5.4,184.8,20.6C128,35.8,132.3,44.9,89.9,52.5C28.6,63.7,0,0,0,0 h1000c0,0-9.9,40.9-83.6,48.1S829.6,47,766.1,28.9z\"\/>\n<\/svg>\t\t<\/div>\n\t\t\t\t<div class=\"elementor-element elementor-element-35e4260 elementor-widget__width-initial elementor-widget elementor-widget-heading\" data-id=\"35e4260\" data-element_type=\"widget\" data-widget_type=\"heading.default\">\n\t\t\t\t<div class=\"elementor-widget-container\">\n\t\t\t\t\t<h2 class=\"elementor-heading-title elementor-size-default\">GRiC Afrique<\/h2>\t\t\t\t<\/div>\n\t\t\t\t<\/div>\n\t\t\t\t<div class=\"elementor-element elementor-element-51b2d6c elementor-widget elementor-widget-spacer\" data-id=\"51b2d6c\" data-element_type=\"widget\" data-widget_type=\"spacer.default\">\n\t\t\t\t<div class=\"elementor-widget-container\">\n\t\t\t\t\t\t\t<div class=\"elementor-spacer\">\n\t\t\t<div class=\"elementor-spacer-inner\"><\/div>\n\t\t<\/div>\n\t\t\t\t\t\t<\/div>\n\t\t\t\t<\/div>\n\t\t\t\t<div class=\"elementor-element elementor-element-b12b28b elementor-widget__width-initial elementor-widget elementor-widget-text-editor\" data-id=\"b12b28b\" data-element_type=\"widget\" data-widget_type=\"text-editor.default\">\n\t\t\t\t<div class=\"elementor-widget-container\">\n\t\t\t\t\t\t\t\t\t<p><strong>Pays<\/strong>: Kenya<br \/><strong>Fond\u00e9e<\/strong>: 2019<\/p><p>Grassroots Nest for Innovations and Change (GRiC) est une organisation \u00e0 but non lucratif dirig\u00e9e localement qui s'associe \u00e0 des organisations de base et \u00e0 des gouvernements locaux pour cr\u00e9er un r\u00e9seau d'agences et de parties prenantes qui promeuvent une \u00e9ducation de qualit\u00e9 pour les enfants et les jeunes en Afrique de l'Est. Nous travaillons dans les quartiers urbains informels de Nairobi et dans les zones pastorales difficiles d'acc\u00e8s des comt\u00e9s de Laikipia et Kajiado au Kenya, des r\u00e9gions d'Arusha en Tanzanie et du nord de l'Ouganda.<\/p><h4><strong>Activit\u00e9s principales<\/strong><\/h4><p>L'apprentissage des enfants :<\/p><p>Faire en sorte que chaque \u00e9cole devienne un lieu dynamique : un environnement d'apprentissage s\u00fbr et inclusif, anim\u00e9 par un enseignement efficace, un leadership p\u00e9dagogique fort et une collaboration entre toutes les parties prenantes, avec des \u00e9l\u00e8ves d\u00e9veloppant la force et les comp\u00e9tences de caract\u00e8re n\u00e9cessaires pour s'\u00e9panouir et r\u00e9ussir.<\/p><p><strong>Impact r\u00e9cent :<\/strong><\/p><p>L'ALP a touch\u00e9 56 000 apprenants avec des gains significatifs dans les r\u00e9sultats ASER. Au Kenya, o\u00f9 nous avons lanc\u00e9 le projet et o\u00f9 nous disposons de donn\u00e9es concluantes, en moyenne, les apprenants \"au niveau de l'histoire\" ont progress\u00e9 de 32% et les non-lecteurs sont pass\u00e9s de 19% au d\u00e9part \u00e0 moins de 5% \u00e0 la fin du projet. Nous avons touch\u00e9 20 183 soignants. Les donn\u00e9es qualitatives indiquent que les participants, y compris les p\u00e8res, font \u00e9tat d'une meilleure capacit\u00e9 \u00e0 communiquer avec les enseignants, \u00e0 s'engager dans des activit\u00e9s avec leurs enfants et \u00e0 d\u00e9fendre les int\u00e9r\u00eats de leurs amis pour soutenir l'apprentissage \u00e0 la maison et \u00e0 l'\u00e9cole.<\/p><p><strong>Une vision pour l'avenir :<\/strong><\/p><p>Un monde o\u00f9 tous les enfants ont acc\u00e8s \u00e0 une \u00e9ducation de qualit\u00e9 et r\u00e9alisent pleinement leur potentiel.<\/p><p><strong><em>Cohorte 2<\/em><\/strong><\/p>\t\t\t\t\t\t\t\t<\/div>\n\t\t\t\t<\/div>\n\t\t\t\t<\/div>\n\t\t<div class=\"has_eae_slider elementor-element elementor-element-1582ba5 e-flex e-con-boxed wpr-particle-no wpr-jarallax-no wpr-parallax-no wpr-sticky-section-no e-con e-parent\" data-eae-slider=\"98942\" data-id=\"1582ba5\" data-element_type=\"container\">\n\t\t\t\t\t<div class=\"e-con-inner\">\n\t\t<div class=\"has_eae_slider elementor-element elementor-element-2272884 e-con-full e-flex wpr-particle-no wpr-jarallax-no wpr-parallax-no wpr-sticky-section-no e-con e-child\" data-eae-slider=\"26773\" data-id=\"2272884\" data-element_type=\"container\">\n\t\t<div class=\"has_eae_slider elementor-element elementor-element-195cec5 e-con-full e-flex wpr-particle-no wpr-jarallax-no wpr-parallax-no wpr-sticky-section-no e-con e-child\" data-eae-slider=\"73605\" data-id=\"195cec5\" data-element_type=\"container\">\n\t\t\t\t<div class=\"elementor-element elementor-element-d90b8bc elementor-widget elementor-widget-spacer\" data-id=\"d90b8bc\" data-element_type=\"widget\" data-widget_type=\"spacer.default\">\n\t\t\t\t<div class=\"elementor-widget-container\">\n\t\t\t\t\t\t\t<div class=\"elementor-spacer\">\n\t\t\t<div class=\"elementor-spacer-inner\"><\/div>\n\t\t<\/div>\n\t\t\t\t\t\t<\/div>\n\t\t\t\t<\/div>\n\t\t\t\t<div class=\"elementor-element elementor-element-ec71905 elementor-widget elementor-widget-heading\" data-id=\"ec71905\" data-element_type=\"widget\" data-widget_type=\"heading.default\">\n\t\t\t\t<div class=\"elementor-widget-container\">\n\t\t\t\t\t<h2 class=\"elementor-heading-title elementor-size-default\">Travailler ensemble<\/h2>\t\t\t\t<\/div>\n\t\t\t\t<\/div>\n\t\t\t\t<\/div>\n\t\t\t\t<\/div>\n\t\t\t\t\t<\/div>\n\t\t\t\t<\/div>\n\t\t<div class=\"has_eae_slider elementor-element elementor-element-8bc1f95 e-flex e-con-boxed wpr-particle-no wpr-jarallax-no wpr-parallax-no wpr-sticky-section-no e-con e-parent\" data-eae-slider=\"67879\" data-id=\"8bc1f95\" data-element_type=\"container\">\n\t\t\t\t\t<div class=\"e-con-inner\">\n\t\t\t\t<div class=\"elementor-element elementor-element-aa8c481 elementor-widget elementor-widget-image-gallery\" data-id=\"aa8c481\" data-element_type=\"widget\" data-widget_type=\"image-gallery.default\">\n\t\t\t\t<div class=\"elementor-widget-container\">\n\t\t\t\t\t\t\t<div class=\"elementor-image-gallery\">\n\t\t\t<div id='gallery-1' class='gallery galleryid-1893 gallery-columns-3 gallery-size-medium_large'><figure class='gallery-item'>\n\t\t\t<div class='gallery-icon landscape'>\n\t\t\t\t<a data-elementor-open-lightbox=\"yes\" data-elementor-lightbox-slideshow=\"aa8c481\" data-elementor-lightbox-title=\"gric-Picture1\" data-e-action-hash=\"#elementor-action%3Aaction%3Dlightbox%26settings%3DeyJpZCI6MTg5NywidXJsIjoiaHR0cHM6XC9cL2RhYXJhLmFjYWRlbXlcL3dwLWNvbnRlbnRcL3VwbG9hZHNcLzIwMjVcLzA4XC9ncmljLVBpY3R1cmUxLmpwZyIsInNsaWRlc2hvdyI6ImFhOGM0ODEifQ%3D%3D\" href='https:\/\/daara.academy\/wp-content\/uploads\/2025\/08\/gric-Picture1.jpg'><img decoding=\"async\" width=\"768\" height=\"513\" src=\"https:\/\/daara.academy\/wp-content\/uploads\/2025\/08\/gric-Picture1-768x513.jpg\" class=\"attachment-medium_large size-medium_large\" alt=\"\" srcset=\"https:\/\/daara.academy\/wp-content\/uploads\/2025\/08\/gric-Picture1-768x513.jpg 768w, https:\/\/daara.academy\/wp-content\/uploads\/2025\/08\/gric-Picture1-300x200.jpg 300w, https:\/\/daara.academy\/wp-content\/uploads\/2025\/08\/gric-Picture1-18x12.jpg 18w, https:\/\/daara.academy\/wp-content\/uploads\/2025\/08\/gric-Picture1.jpg 908w\" sizes=\"(max-width: 768px) 100vw, 768px\" \/><\/a>\n\t\t\t<\/div><\/figure><figure class='gallery-item'>\n\t\t\t<div class='gallery-icon landscape'>\n\t\t\t\t<a data-elementor-open-lightbox=\"yes\" data-elementor-lightbox-slideshow=\"aa8c481\" data-elementor-lightbox-title=\"gric-Picture2\" data-e-action-hash=\"#elementor-action%3Aaction%3Dlightbox%26settings%3DeyJpZCI6MTg5OCwidXJsIjoiaHR0cHM6XC9cL2RhYXJhLmFjYWRlbXlcL3dwLWNvbnRlbnRcL3VwbG9hZHNcLzIwMjVcLzA4XC9ncmljLVBpY3R1cmUyLmpwZyIsInNsaWRlc2hvdyI6ImFhOGM0ODEifQ%3D%3D\" href='https:\/\/daara.academy\/wp-content\/uploads\/2025\/08\/gric-Picture2.jpg'><img decoding=\"async\" width=\"768\" height=\"513\" src=\"https:\/\/daara.academy\/wp-content\/uploads\/2025\/08\/gric-Picture2-768x513.jpg\" class=\"attachment-medium_large size-medium_large\" alt=\"\" srcset=\"https:\/\/daara.academy\/wp-content\/uploads\/2025\/08\/gric-Picture2-768x513.jpg 768w, https:\/\/daara.academy\/wp-content\/uploads\/2025\/08\/gric-Picture2-300x200.jpg 300w, https:\/\/daara.academy\/wp-content\/uploads\/2025\/08\/gric-Picture2-18x12.jpg 18w, https:\/\/daara.academy\/wp-content\/uploads\/2025\/08\/gric-Picture2.jpg 908w\" sizes=\"(max-width: 768px) 100vw, 768px\" \/><\/a>\n\t\t\t<\/div><\/figure><figure class='gallery-item'>\n\t\t\t<div class='gallery-icon landscape'>\n\t\t\t\t<a data-elementor-open-lightbox=\"yes\" data-elementor-lightbox-slideshow=\"aa8c481\" data-elementor-lightbox-title=\"gric-Picture3\" data-e-action-hash=\"#elementor-action%3Aaction%3Dlightbox%26settings%3DeyJpZCI6MTg5OSwidXJsIjoiaHR0cHM6XC9cL2RhYXJhLmFjYWRlbXlcL3dwLWNvbnRlbnRcL3VwbG9hZHNcLzIwMjVcLzA4XC9ncmljLVBpY3R1cmUzLmpwZyIsInNsaWRlc2hvdyI6ImFhOGM0ODEifQ%3D%3D\" href='https:\/\/daara.academy\/wp-content\/uploads\/2025\/08\/gric-Picture3.jpg'><img loading=\"lazy\" decoding=\"async\" width=\"768\" height=\"513\" src=\"https:\/\/daara.academy\/wp-content\/uploads\/2025\/08\/gric-Picture3-768x513.jpg\" class=\"attachment-medium_large size-medium_large\" alt=\"\" srcset=\"https:\/\/daara.academy\/wp-content\/uploads\/2025\/08\/gric-Picture3-768x513.jpg 768w, https:\/\/daara.academy\/wp-content\/uploads\/2025\/08\/gric-Picture3-300x200.jpg 300w, https:\/\/daara.academy\/wp-content\/uploads\/2025\/08\/gric-Picture3-18x12.jpg 18w, https:\/\/daara.academy\/wp-content\/uploads\/2025\/08\/gric-Picture3.jpg 908w\" sizes=\"(max-width: 768px) 100vw, 768px\" \/><\/a>\n\t\t\t<\/div><\/figure>\n\t\t<\/div>\n\t\t<\/div>\n\t\t\t\t\t\t<\/div>\n\t\t\t\t<\/div>\n\t\t\t\t\t<\/div>\n\t\t\t\t<\/div>\n\t\t<div class=\"has_eae_slider elementor-element elementor-element-d5de782 e-flex e-con-boxed wpr-particle-no wpr-jarallax-no wpr-parallax-no wpr-sticky-section-no e-con e-parent\" data-eae-slider=\"17329\" data-id=\"d5de782\" data-element_type=\"container\">\n\t\t\t\t\t<div class=\"e-con-inner\">\n\t\t\t\t<div class=\"elementor-element elementor-element-ae1b652 elementor-align-center elementor-widget elementor-widget-button\" data-id=\"ae1b652\" data-element_type=\"widget\" data-widget_type=\"button.default\">\n\t\t\t\t<div class=\"elementor-widget-container\">\n\t\t\t\t\t\t\t\t\t<div class=\"elementor-button-wrapper\">\n\t\t\t\t\t<a class=\"elementor-button elementor-button-link elementor-size-sm\" href=\"https:\/\/daara.academy\/contact\/\">\n\t\t\t\t\t\t<span class=\"elementor-button-content-wrapper\">\n\t\t\t\t\t\t\t\t\t<span class=\"elementor-button-text\">Devenir partenaire<\/span>\n\t\t\t\t\t<\/span>\n\t\t\t\t\t<\/a>\n\t\t\t\t<\/div>\n\t\t\t\t\t\t\t\t<\/div>\n\t\t\t\t<\/div>\n\t\t\t\t\t<\/div>\n\t\t\t\t<\/div>\n\t\t\t\t<\/div>","protected":false},"excerpt":{"rendered":"<p>GRiC Africa Wangui Nyaga Executive Director GRiC Africa Country: Kenya Founded: 2019 Grassroots Nest for Innovations and Change (GRiC) is a locally led, non-profit organization that partners with grassroots organizations and local governments to create a network of agencies and stakeholders that promotes quality education for children and youth in East Africa. We work in the informal urban settlements of Nairobi and the hard-to-reach pastoralist areas in Laikipia and Kajiado counties of Kenya, Arusha areas of Tanzania, and Northern Uganda. Key Activities Children\u2019s Learning: To see every school become a vibrant place: a \u00a0safe, and inclusive learning environment, driven by effective teaching, strong instructional leadership, and collaboration among all stakeholders with students developing the strength and skills of character to thrive and succeed. Recent Impact: ALP has reached 56,000 learners with significant gains in ASER scores. In Kenya where we seeded the work and we have conclusive data, on average, \u201cstory-level\u201d learners grow by 32% and non-readers drop to below 5% at endline from 19% at baseline. We have reached 20,183 caregivers. Qualitative data indicates that participants, including fathers, report improved ability to communicate with teachers, engage in activities with their children, and advocate for friends to support learning at home and school. Vision for the Future: A world where all children access quality education and realize their full potential. Cohort 2 Working Together Become a Partner<\/p>","protected":false},"author":1,"featured_media":0,"parent":18,"menu_order":0,"comment_status":"closed","ping_status":"closed","template":"elementor_header_footer","meta":{"footnotes":""},"class_list":["post-1893","page","type-page","status-publish","hentry"],"_links":{"self":[{"href":"https:\/\/daara.academy\/fr\/wp-json\/wp\/v2\/pages\/1893","targetHints":{"allow":["GET"]}}],"collection":[{"href":"https:\/\/daara.academy\/fr\/wp-json\/wp\/v2\/pages"}],"about":[{"href":"https:\/\/daara.academy\/fr\/wp-json\/wp\/v2\/types\/page"}],"author":[{"embeddable":true,"href":"https:\/\/daara.academy\/fr\/wp-json\/wp\/v2\/users\/1"}],"replies":[{"embeddable":true,"href":"https:\/\/daara.academy\/fr\/wp-json\/wp\/v2\/comments?post=1893"}],"version-history":[{"count":14,"href":"https:\/\/daara.academy\/fr\/wp-json\/wp\/v2\/pages\/1893\/revisions"}],"predecessor-version":[{"id":2986,"href":"https:\/\/daara.academy\/fr\/wp-json\/wp\/v2\/pages\/1893\/revisions\/2986"}],"up":[{"embeddable":true,"href":"https:\/\/daara.academy\/fr\/wp-json\/wp\/v2\/pages\/18"}],"wp:attachment":[{"href":"https:\/\/daara.academy\/fr\/wp-json\/wp\/v2\/media?parent=1893"}],"curies":[{"name":"wp","href":"https:\/\/api.w.org\/{rel}","templated":true}]}}