{"id":671,"date":"2025-05-18T22:15:23","date_gmt":"2025-05-18T22:15:23","guid":{"rendered":"https:\/\/daara.academy\/?page_id=671"},"modified":"2026-03-03T00:20:43","modified_gmt":"2026-03-03T00:20:43","slug":"daara-learning-goals-education-systems-strengthening-africa","status":"publish","type":"page","link":"https:\/\/daara.academy\/fr\/daara-learning-goals-education-systems-strengthening-africa\/","title":{"rendered":"OBJECTIFS D'APPRENTISSAGE"},"content":{"rendered":"<div data-elementor-type=\"wp-page\" data-elementor-id=\"671\" class=\"elementor elementor-671\">\n\t\t\t\t<div class=\"has_eae_slider elementor-element elementor-element-5b222a1 e-con-full e-flex wpr-particle-no wpr-jarallax-no wpr-parallax-no wpr-sticky-section-no e-con e-parent\" data-eae-slider=\"94694\" data-id=\"5b222a1\" data-element_type=\"container\" data-settings=\"{&quot;background_background&quot;:&quot;classic&quot;,&quot;shape_divider_bottom&quot;:&quot;mountains&quot;}\">\n\t\t\t\t<div class=\"elementor-shape elementor-shape-bottom\" aria-hidden=\"true\" data-negative=\"false\">\n\t\t\t<svg xmlns=\"http:\/\/www.w3.org\/2000\/svg\" viewbox=\"0 0 1000 100\" preserveaspectratio=\"none\">\n\t<path class=\"elementor-shape-fill\" opacity=\"0.33\" d=\"M473,67.3c-203.9,88.3-263.1-34-320.3,0C66,119.1,0,59.7,0,59.7V0h1000v59.7 c0,0-62.1,26.1-94.9,29.3c-32.8,3.3-62.8-12.3-75.8-22.1C806,49.6,745.3,8.7,694.9,4.7S492.4,59,473,67.3z\"\/>\n\t<path class=\"elementor-shape-fill\" opacity=\"0.66\" d=\"M734,67.3c-45.5,0-77.2-23.2-129.1-39.1c-28.6-8.7-150.3-10.1-254,39.1 s-91.7-34.4-149.2,0C115.7,118.3,0,39.8,0,39.8V0h1000v36.5c0,0-28.2-18.5-92.1-18.5C810.2,18.1,775.7,67.3,734,67.3z\"\/>\n\t<path class=\"elementor-shape-fill\" d=\"M766.1,28.9c-200-57.5-266,65.5-395.1,19.5C242,1.8,242,5.4,184.8,20.6C128,35.8,132.3,44.9,89.9,52.5C28.6,63.7,0,0,0,0 h1000c0,0-9.9,40.9-83.6,48.1S829.6,47,766.1,28.9z\"\/>\n<\/svg>\t\t<\/div>\n\t\t\t\t<div class=\"elementor-element elementor-element-d2e55c2 elementor-widget elementor-widget-spacer\" data-id=\"d2e55c2\" data-element_type=\"widget\" data-widget_type=\"spacer.default\">\n\t\t\t\t<div class=\"elementor-widget-container\">\n\t\t\t\t\t\t\t<div class=\"elementor-spacer\">\n\t\t\t<div class=\"elementor-spacer-inner\"><\/div>\n\t\t<\/div>\n\t\t\t\t\t\t<\/div>\n\t\t\t\t<\/div>\n\t\t\t\t<div class=\"elementor-element elementor-element-1ae8801 elementor-widget elementor-widget-heading\" data-id=\"1ae8801\" data-element_type=\"widget\" data-widget_type=\"heading.default\">\n\t\t\t\t<div class=\"elementor-widget-container\">\n\t\t\t\t\t<h2 class=\"elementor-heading-title elementor-size-default\">OBJECTIFS D'APPRENTISSAGE<\/h2>\t\t\t\t<\/div>\n\t\t\t\t<\/div>\n\t\t\t\t<div class=\"elementor-element elementor-element-12d5247 elementor-widget-divider--view-line elementor-widget elementor-widget-divider\" data-id=\"12d5247\" data-element_type=\"widget\" data-widget_type=\"divider.default\">\n\t\t\t\t<div class=\"elementor-widget-container\">\n\t\t\t\t\t\t\t<div class=\"elementor-divider\">\n\t\t\t<span class=\"elementor-divider-separator\">\n\t\t\t\t\t\t<\/span>\n\t\t<\/div>\n\t\t\t\t\t\t<\/div>\n\t\t\t\t<\/div>\n\t\t\t\t<\/div>\n\t\t<div class=\"has_eae_slider elementor-element elementor-element-aed070d e-flex e-con-boxed wpr-particle-no wpr-jarallax-no wpr-parallax-no wpr-sticky-section-no e-con e-parent\" data-eae-slider=\"96086\" data-id=\"aed070d\" data-element_type=\"container\" data-settings=\"{&quot;background_background&quot;:&quot;classic&quot;}\">\n\t\t\t\t\t<div class=\"e-con-inner\">\n\t\t<div class=\"has_eae_slider elementor-element elementor-element-070c2f5 e-con-full e-flex wpr-particle-no wpr-jarallax-no wpr-parallax-no wpr-sticky-section-no e-con e-child\" data-eae-slider=\"23438\" data-id=\"070c2f5\" data-element_type=\"container\" data-settings=\"{&quot;background_background&quot;:&quot;classic&quot;}\">\n\t\t<div class=\"has_eae_slider elementor-element elementor-element-2d4e5e5 e-con-full e-flex wpr-particle-no wpr-jarallax-no wpr-parallax-no wpr-sticky-section-no e-con e-child\" data-eae-slider=\"36492\" data-id=\"2d4e5e5\" data-element_type=\"container\">\n\t\t\t\t<div class=\"elementor-element elementor-element-46501ed elementor-position-top elementor-widget elementor-widget-image-box\" data-id=\"46501ed\" data-element_type=\"widget\" data-widget_type=\"image-box.default\">\n\t\t\t\t<div class=\"elementor-widget-container\">\n\t\t\t\t\t<div class=\"elementor-image-box-wrapper\"><figure class=\"elementor-image-box-img\"><a href=\"#\" tabindex=\"-1\"><img decoding=\"async\" width=\"223\" height=\"222\" src=\"https:\/\/daara.academy\/wp-content\/uploads\/2025\/04\/ICON-1-1.png\" class=\"attachment-full size-full wp-image-94\" alt=\"\" srcset=\"https:\/\/daara.academy\/wp-content\/uploads\/2025\/04\/ICON-1-1.png 223w, https:\/\/daara.academy\/wp-content\/uploads\/2025\/04\/ICON-1-1-150x150.png 150w\" sizes=\"(max-width: 223px) 100vw, 223px\" \/><\/a><\/figure><div class=\"elementor-image-box-content\"><h3 class=\"elementor-image-box-title\"><a href=\"#\">Construire l\u2019excellence p\u00e9dagogique<br><\/a><\/h3><p class=\"elementor-image-box-description\">Renforcer la compr\u00e9hension\nde <br> la science de l'enseignement \n<br> et l'apprentissage, de la science de l'enseignement <br>traduire \n<br> en classe <br> pratiques. <\/p><\/div><\/div>\t\t\t\t<\/div>\n\t\t\t\t<\/div>\n\t\t\t\t<\/div>\n\t\t<div class=\"has_eae_slider elementor-element elementor-element-6ef459b e-con-full e-flex wpr-particle-no wpr-jarallax-no wpr-parallax-no wpr-sticky-section-no e-con e-child\" data-eae-slider=\"18623\" data-id=\"6ef459b\" data-element_type=\"container\">\n\t\t\t\t<div class=\"elementor-element elementor-element-0212d08 elementor-position-top elementor-widget elementor-widget-image-box\" data-id=\"0212d08\" data-element_type=\"widget\" data-widget_type=\"image-box.default\">\n\t\t\t\t<div class=\"elementor-widget-container\">\n\t\t\t\t\t<div class=\"elementor-image-box-wrapper\"><figure class=\"elementor-image-box-img\"><a href=\"#\" tabindex=\"-1\"><img decoding=\"async\" width=\"222\" height=\"222\" src=\"https:\/\/daara.academy\/wp-content\/uploads\/2025\/04\/ICON-2-1.png\" class=\"attachment-full size-full wp-image-93\" alt=\"\" srcset=\"https:\/\/daara.academy\/wp-content\/uploads\/2025\/04\/ICON-2-1.png 222w, https:\/\/daara.academy\/wp-content\/uploads\/2025\/04\/ICON-2-1-150x150.png 150w\" sizes=\"(max-width: 222px) 100vw, 222px\" \/><\/a><\/figure><div class=\"elementor-image-box-content\"><h3 class=\"elementor-image-box-title translation-block\">Travailler avec le Gouvernement<\/h3><p class=\"elementor-image-box-description translation-block\">Concevoir des <br> programmes pour une mise \u00e0 l\u2019\u00e9chelle, travailler <br> efficacement avec le gouvernement, utiliser les <br> donn\u00e9es pour fonder des <br> arguments.<\/p><\/div><\/div>\t\t\t\t<\/div>\n\t\t\t\t<\/div>\n\t\t\t\t<\/div>\n\t\t<div class=\"has_eae_slider elementor-element elementor-element-7a16dbf e-con-full e-flex wpr-particle-no wpr-jarallax-no wpr-parallax-no wpr-sticky-section-no e-con e-child\" data-eae-slider=\"16550\" data-id=\"7a16dbf\" data-element_type=\"container\">\n\t\t\t\t<div class=\"elementor-element elementor-element-9155321 elementor-position-top elementor-widget elementor-widget-image-box\" data-id=\"9155321\" data-element_type=\"widget\" data-widget_type=\"image-box.default\">\n\t\t\t\t<div class=\"elementor-widget-container\">\n\t\t\t\t\t<div class=\"elementor-image-box-wrapper\"><figure class=\"elementor-image-box-img\"><a href=\"#\" tabindex=\"-1\"><img decoding=\"async\" width=\"223\" height=\"222\" src=\"https:\/\/daara.academy\/wp-content\/uploads\/2025\/04\/ICON-3-1.png\" class=\"attachment-full size-full wp-image-92\" alt=\"\" srcset=\"https:\/\/daara.academy\/wp-content\/uploads\/2025\/04\/ICON-3-1.png 223w, https:\/\/daara.academy\/wp-content\/uploads\/2025\/04\/ICON-3-1-150x150.png 150w\" sizes=\"(max-width: 223px) 100vw, 223px\" \/><\/a><\/figure><div class=\"elementor-image-box-content\"><h3 class=\"elementor-image-box-title translation-block\">Renforcer la gestion et le leadership d\u2019une organisation<\/h3><p class=\"elementor-image-box-description translation-block\">D\u00e9velopper une <br> strat\u00e9gie de gestion <br> des talents <br> adapt\u00e9e \u00e0 <br> votre organisation <br> et \u00e0 votre <br> secteur.<\/p><\/div><\/div>\t\t\t\t<\/div>\n\t\t\t\t<\/div>\n\t\t\t\t<\/div>\n\t\t<div class=\"has_eae_slider elementor-element elementor-element-63f2c32 e-con-full e-flex wpr-particle-no wpr-jarallax-no wpr-parallax-no wpr-sticky-section-no e-con e-child\" data-eae-slider=\"43221\" data-id=\"63f2c32\" data-element_type=\"container\">\n\t\t\t\t<div class=\"elementor-element elementor-element-0cce644 elementor-position-top elementor-widget elementor-widget-image-box\" data-id=\"0cce644\" data-element_type=\"widget\" data-widget_type=\"image-box.default\">\n\t\t\t\t<div class=\"elementor-widget-container\">\n\t\t\t\t\t<div class=\"elementor-image-box-wrapper\"><figure class=\"elementor-image-box-img\"><a href=\"#\" tabindex=\"-1\"><img loading=\"lazy\" decoding=\"async\" width=\"223\" height=\"222\" src=\"https:\/\/daara.academy\/wp-content\/uploads\/2025\/04\/ICON-4-1.png\" class=\"attachment-full size-full wp-image-91\" alt=\"\" srcset=\"https:\/\/daara.academy\/wp-content\/uploads\/2025\/04\/ICON-4-1.png 223w, https:\/\/daara.academy\/wp-content\/uploads\/2025\/04\/ICON-4-1-150x150.png 150w\" sizes=\"(max-width: 223px) 100vw, 223px\" \/><\/a><\/figure><div class=\"elementor-image-box-content\"><h3 class=\"elementor-image-box-title\"><a href=\"#\">Renforcer la capacit\u00e9 de collecte de fonds<\/a><\/h3><p class=\"elementor-image-box-description\">D\u00e9finir une <br>  proposition de valeur, <br>  comprendre et interagir avec l\u2019\u00e9cosyst\u00e8me des bailleurs, \u00e9laborer des propositions <br>  et des budgets de qualit\u00e9. <\/p><\/div><\/div>\t\t\t\t<\/div>\n\t\t\t\t<\/div>\n\t\t\t\t<\/div>\n\t\t<div class=\"has_eae_slider elementor-element elementor-element-1d3834d e-con-full e-flex wpr-particle-no wpr-jarallax-no wpr-parallax-no wpr-sticky-section-no e-con e-child\" data-eae-slider=\"91310\" data-id=\"1d3834d\" data-element_type=\"container\">\n\t\t\t\t<div class=\"elementor-element elementor-element-f241706 elementor-position-top elementor-widget elementor-widget-image-box\" data-id=\"f241706\" data-element_type=\"widget\" data-widget_type=\"image-box.default\">\n\t\t\t\t<div class=\"elementor-widget-container\">\n\t\t\t\t\t<div class=\"elementor-image-box-wrapper\"><figure class=\"elementor-image-box-img\"><a href=\"#\" tabindex=\"-1\"><img loading=\"lazy\" decoding=\"async\" width=\"223\" height=\"222\" src=\"https:\/\/daara.academy\/wp-content\/uploads\/2025\/04\/ICON-5.png\" class=\"attachment-full size-full wp-image-90\" alt=\"\" srcset=\"https:\/\/daara.academy\/wp-content\/uploads\/2025\/04\/ICON-5.png 223w, https:\/\/daara.academy\/wp-content\/uploads\/2025\/04\/ICON-5-150x150.png 150w\" sizes=\"(max-width: 223px) 100vw, 223px\" \/><\/a><\/figure><div class=\"elementor-image-box-content\"><h3 class=\"elementor-image-box-title\"><a href=\"#\">Utiliser et g\u00e9n\u00e9rer des preuves<\/a><\/h3><p class=\"elementor-image-box-description translation-block\">Recueillir <br>  et utiliser\ndes preuves et de <br>  l'apprentissage\n<br> pour informer <br>la programmation,\nd\u00e9montrer <br>  l'impact, <br> \ncommuniquer les r\u00e9ussites.<\/p><\/div><\/div>\t\t\t\t<\/div>\n\t\t\t\t<\/div>\n\t\t\t\t<\/div>\n\t\t\t\t<\/div>\n\t\t\t\t\t<\/div>\n\t\t\t\t<\/div>\n\t\t<div class=\"has_eae_slider elementor-element elementor-element-af99b3e e-flex e-con-boxed wpr-particle-no wpr-jarallax-no wpr-parallax-no wpr-sticky-section-no e-con e-parent\" data-eae-slider=\"79441\" data-id=\"af99b3e\" data-element_type=\"container\">\n\t\t\t\t\t<div class=\"e-con-inner\">\n\t\t\t\t<div class=\"elementor-element elementor-element-edf4c42 elementor-widget elementor-widget-menu-anchor\" data-id=\"edf4c42\" data-element_type=\"widget\" data-widget_type=\"menu-anchor.default\">\n\t\t\t\t<div class=\"elementor-widget-container\">\n\t\t\t\t\t\t\t<div class=\"elementor-menu-anchor\" id=\"goals\"><\/div>\n\t\t\t\t\t\t<\/div>\n\t\t\t\t<\/div>\n\t\t\t\t<div class=\"elementor-element elementor-element-555e431 elementor-widget elementor-widget-heading\" data-id=\"555e431\" data-element_type=\"widget\" id=\"goals\" data-widget_type=\"heading.default\">\n\t\t\t\t<div class=\"elementor-widget-container\">\n\t\t\t\t\t<h2 class=\"elementor-heading-title elementor-size-default\">Objectifs d'apprentissage<\/h2>\t\t\t\t<\/div>\n\t\t\t\t<\/div>\n\t\t\t\t<div class=\"elementor-element elementor-element-e9b215f elementor-widget-divider--view-line elementor-widget elementor-widget-divider\" data-id=\"e9b215f\" data-element_type=\"widget\" data-widget_type=\"divider.default\">\n\t\t\t\t<div class=\"elementor-widget-container\">\n\t\t\t\t\t\t\t<div class=\"elementor-divider\">\n\t\t\t<span class=\"elementor-divider-separator\">\n\t\t\t\t\t\t<\/span>\n\t\t<\/div>\n\t\t\t\t\t\t<\/div>\n\t\t\t\t<\/div>\n\t\t\t\t<div class=\"elementor-element elementor-element-4bca454 elementor-widget elementor-widget-text-editor\" data-id=\"4bca454\" data-element_type=\"widget\" data-widget_type=\"text-editor.default\">\n\t\t\t\t<div class=\"elementor-widget-container\">\n\t\t\t\t\t\t\t\t\t<p>Le programme s'articule autour de cinq objectifs d'apprentissage majeurs, qui traitent des principaux obstacles rencontr\u00e9s par chaque organisation dans la r\u00e9alisation de ses objectifs strat\u00e9giques :<\/p><ol><li><strong>D\u00e9velopper l'excellence p\u00e9dagogique<\/strong>- Renforcer la compr\u00e9hension par les organisations de la science de l'enseignement et de l'apprentissage, et de la mani\u00e8re de traduire efficacement cette science dans la pratique et la programmation en classe.<\/li><li><strong>Travailler avec le gouvernement<\/strong> - Aider les organisations \u00e0 concevoir des programmes \u00e0 grande \u00e9chelle et \u00e0 travailler efficacement avec les gouvernements.<\/li><li><strong>Construire et diriger une organisation<\/strong> - Renforcer les strat\u00e9gies de gestion des talents des organisations pour garantir l'alignement sur les besoins de l'organisation et du march\u00e9.<\/li><li><strong>Renforcer la gestion et le leadership d\u2019une organisation<\/strong>\u2013 Renforcer les strat\u00e9gies de gestion des talents des organisations pour garantir un alignement avec les besoins organisationnels et du secteur.<\/li><li><strong>Utiliser et produire des preuves <\/strong>Construire l'excellence p\u00e9dagogique - Renforcer la compr\u00e9hension des organisations en mati\u00e8re de science de l'enseignement et de l'apprentissage et les aider \u00e0 mieux comprendre comment traduire cela plus efficacement dans les pratiques p\u00e9dagogiques et dans leurs programmes de mani\u00e8re plus g\u00e9n\u00e9rale.<\/li><\/ol><p>L'apprentissage se fera par le biais de voyages d'\u00e9tude, de cours d\u2019experts, d'ateliers, de conf\u00e9rences, de coaching, d'aide au conseil et d'assistance technique, en mettant l'accent sur la collaboration et l'apprentissage par les pairs au sein de la cohorte.<\/p><p>Le programme comprendra \u00e9galement un fonds d'innovation. Ce fonds central permet aux partenaires de la Daara de proposer et de soumissionner pour des projets de collaboration visant \u00e0 am\u00e9liorer les r\u00e9sultats de l'apprentissage fondamental.  En fin de compte, la Daara vise \u00e0 mieux \u00e9quiper les organisations locales d'Afrique subsaharienne afin qu'elles puissent mener la transformation de l'\u00e9ducation pour les enfants en Afrique, ce qui se traduira par une am\u00e9lioration radicale des r\u00e9sultats d'apprentissage.<\/p>\t\t\t\t\t\t\t\t<\/div>\n\t\t\t\t<\/div>\n\t\t\t\t<div class=\"elementor-element elementor-element-4e797a8 elementor-widget elementor-widget-spacer\" data-id=\"4e797a8\" data-element_type=\"widget\" data-widget_type=\"spacer.default\">\n\t\t\t\t<div class=\"elementor-widget-container\">\n\t\t\t\t\t\t\t<div class=\"elementor-spacer\">\n\t\t\t<div class=\"elementor-spacer-inner\"><\/div>\n\t\t<\/div>\n\t\t\t\t\t\t<\/div>\n\t\t\t\t<\/div>\n\t\t\t\t\t<\/div>\n\t\t\t\t<\/div>\n\t\t\t\t<\/div>","protected":false},"excerpt":{"rendered":"<p>LEARNING GOALS BUILDING PEDAGOGICAL EXCELLENCE Strengthening understanding of the science of teaching and learning, translating into classroom practices. WORKING WITH GOVERNMENT Designing programs for scale, working effectively with government, using data to build a case. BUILDING AND LEADING AN ORGANISATION Developing a talent management strategy fit for your organisation and your market. STRENGTHENING FUND RAISING CAPABILITY Defining a value proposition, understanding and engaging with the funder landscape, developing excellent proposals and budgets. USING AND GENERATING EVIDENCE Gathering and using evidence and learning to inform programming, demonstrating impact, communicating successes. Learning Goals The program has five primary learning goals, addressing the biggest barriers faced by each organization in achieving its strategic aims: Building pedagogical excellence\u2013 Strengthening organizations\u2019 understanding of the science of teaching and learning, and how to effectively translate this into classroom practice and programming. Working with government \u2013 Supporting organizations to design programs for scalability and work effectively with governments. Building and leading an organisation \u2013 Reinforcing organizations\u2019 talent management strategies to ensure alignment with organizational and market needs. Strengthening fundraising capability\u2013 Supporting organizations to enhance their understanding of and engagement with the funding landscape. Using and generating evidence \u2013 Solidifying organizations\u2019 approaches to leveraging data to ensure programming and impact are evidence-driven. Learning will take place through study tours, expert lectures, workshops, conferences, coaching, consultancy support, and technical assistance, with a focus on collaboration and peer learning among the cohort. The program will also include an Innovation Fund. This central fund allows Daara partners to propose and bid for collaborative projects aimed at improving foundational learning outcomes.\u00a0 Ultimately, Daara aims to better equip local Sub-Saharan African organizations so they can lead the transformation of education for children in Africa, resulting in drastically improved learning outcomes.<\/p>","protected":false},"author":1,"featured_media":0,"parent":0,"menu_order":0,"comment_status":"closed","ping_status":"closed","template":"elementor_header_footer","meta":{"footnotes":""},"class_list":["post-671","page","type-page","status-publish","hentry"],"_links":{"self":[{"href":"https:\/\/daara.academy\/fr\/wp-json\/wp\/v2\/pages\/671","targetHints":{"allow":["GET"]}}],"collection":[{"href":"https:\/\/daara.academy\/fr\/wp-json\/wp\/v2\/pages"}],"about":[{"href":"https:\/\/daara.academy\/fr\/wp-json\/wp\/v2\/types\/page"}],"author":[{"embeddable":true,"href":"https:\/\/daara.academy\/fr\/wp-json\/wp\/v2\/users\/1"}],"replies":[{"embeddable":true,"href":"https:\/\/daara.academy\/fr\/wp-json\/wp\/v2\/comments?post=671"}],"version-history":[{"count":24,"href":"https:\/\/daara.academy\/fr\/wp-json\/wp\/v2\/pages\/671\/revisions"}],"predecessor-version":[{"id":2989,"href":"https:\/\/daara.academy\/fr\/wp-json\/wp\/v2\/pages\/671\/revisions\/2989"}],"wp:attachment":[{"href":"https:\/\/daara.academy\/fr\/wp-json\/wp\/v2\/media?parent=671"}],"curies":[{"name":"wp","href":"https:\/\/api.w.org\/{rel}","templated":true}]}}