{"id":710,"date":"2025-05-18T22:43:15","date_gmt":"2025-05-18T22:43:15","guid":{"rendered":"https:\/\/daara.academy\/?page_id=710"},"modified":"2026-03-26T22:39:06","modified_gmt":"2026-03-26T22:39:06","slug":"partner-the-action-foundation","status":"publish","type":"page","link":"https:\/\/daara.academy\/fr\/daara-partners\/partner-the-action-foundation\/","title":{"rendered":"Partner &#8211; The Action Foundation"},"content":{"rendered":"<div data-elementor-type=\"wp-page\" data-elementor-id=\"710\" class=\"elementor elementor-710\">\n\t\t\t\t<div class=\"has_eae_slider elementor-element elementor-element-bd1739c e-con-full e-flex wpr-particle-no wpr-jarallax-no wpr-parallax-no wpr-sticky-section-no e-con e-parent\" data-eae-slider=\"53156\" data-id=\"bd1739c\" data-element_type=\"container\" data-settings=\"{&quot;background_background&quot;:&quot;classic&quot;}\">\n\t\t<div class=\"has_eae_slider elementor-element elementor-element-51f28de e-con-full e-flex wpr-particle-no wpr-jarallax-no wpr-parallax-no wpr-sticky-section-no e-con e-child\" data-eae-slider=\"52189\" data-id=\"51f28de\" data-element_type=\"container\" data-settings=\"{&quot;background_background&quot;:&quot;classic&quot;,&quot;shape_divider_bottom&quot;:&quot;mountains&quot;}\">\n\t\t\t\t<div class=\"elementor-shape elementor-shape-bottom\" aria-hidden=\"true\" data-negative=\"false\">\n\t\t\t<svg xmlns=\"http:\/\/www.w3.org\/2000\/svg\" viewbox=\"0 0 1000 100\" preserveaspectratio=\"none\">\n\t<path class=\"elementor-shape-fill\" opacity=\"0.33\" d=\"M473,67.3c-203.9,88.3-263.1-34-320.3,0C66,119.1,0,59.7,0,59.7V0h1000v59.7 c0,0-62.1,26.1-94.9,29.3c-32.8,3.3-62.8-12.3-75.8-22.1C806,49.6,745.3,8.7,694.9,4.7S492.4,59,473,67.3z\"\/>\n\t<path class=\"elementor-shape-fill\" opacity=\"0.66\" d=\"M734,67.3c-45.5,0-77.2-23.2-129.1-39.1c-28.6-8.7-150.3-10.1-254,39.1 s-91.7-34.4-149.2,0C115.7,118.3,0,39.8,0,39.8V0h1000v36.5c0,0-28.2-18.5-92.1-18.5C810.2,18.1,775.7,67.3,734,67.3z\"\/>\n\t<path class=\"elementor-shape-fill\" d=\"M766.1,28.9c-200-57.5-266,65.5-395.1,19.5C242,1.8,242,5.4,184.8,20.6C128,35.8,132.3,44.9,89.9,52.5C28.6,63.7,0,0,0,0 h1000c0,0-9.9,40.9-83.6,48.1S829.6,47,766.1,28.9z\"\/>\n<\/svg>\t\t<\/div>\n\t\t\t\t<div class=\"elementor-element elementor-element-e92589c elementor-widget elementor-widget-spacer\" data-id=\"e92589c\" data-element_type=\"widget\" data-widget_type=\"spacer.default\">\n\t\t\t\t<div class=\"elementor-widget-container\">\n\t\t\t\t\t\t\t<div class=\"elementor-spacer\">\n\t\t\t<div class=\"elementor-spacer-inner\"><\/div>\n\t\t<\/div>\n\t\t\t\t\t\t<\/div>\n\t\t\t\t<\/div>\n\t\t\t\t<div class=\"elementor-element elementor-element-76b3299 elementor-widget elementor-widget-heading\" data-id=\"76b3299\" data-element_type=\"widget\" data-widget_type=\"heading.default\">\n\t\t\t\t<div class=\"elementor-widget-container\">\n\t\t\t\t\t<h2 class=\"elementor-heading-title elementor-size-default\">The Action Foundation\n<\/h2>\t\t\t\t<\/div>\n\t\t\t\t<\/div>\n\t\t\t\t<div class=\"elementor-element elementor-element-95ed8a1 elementor-widget-divider--view-line elementor-widget elementor-widget-divider\" data-id=\"95ed8a1\" data-element_type=\"widget\" data-widget_type=\"divider.default\">\n\t\t\t\t<div class=\"elementor-widget-container\">\n\t\t\t\t\t\t\t<div class=\"elementor-divider\">\n\t\t\t<span class=\"elementor-divider-separator\">\n\t\t\t\t\t\t<\/span>\n\t\t<\/div>\n\t\t\t\t\t\t<\/div>\n\t\t\t\t<\/div>\n\t\t\t\t<\/div>\n\t\t\t\t<\/div>\n\t\t<div class=\"has_eae_slider elementor-element elementor-element-0ab8017 e-flex e-con-boxed wpr-particle-no wpr-jarallax-no wpr-parallax-no wpr-sticky-section-no e-con e-parent\" data-eae-slider=\"59605\" data-id=\"0ab8017\" data-element_type=\"container\" data-settings=\"{&quot;background_background&quot;:&quot;classic&quot;,&quot;shape_divider_bottom&quot;:&quot;mountains&quot;}\">\n\t\t\t\t\t<div class=\"e-con-inner\">\n\t\t\t\t<div class=\"elementor-shape elementor-shape-bottom\" aria-hidden=\"true\" data-negative=\"false\">\n\t\t\t<svg xmlns=\"http:\/\/www.w3.org\/2000\/svg\" viewbox=\"0 0 1000 100\" preserveaspectratio=\"none\">\n\t<path class=\"elementor-shape-fill\" opacity=\"0.33\" d=\"M473,67.3c-203.9,88.3-263.1-34-320.3,0C66,119.1,0,59.7,0,59.7V0h1000v59.7 c0,0-62.1,26.1-94.9,29.3c-32.8,3.3-62.8-12.3-75.8-22.1C806,49.6,745.3,8.7,694.9,4.7S492.4,59,473,67.3z\"\/>\n\t<path class=\"elementor-shape-fill\" opacity=\"0.66\" d=\"M734,67.3c-45.5,0-77.2-23.2-129.1-39.1c-28.6-8.7-150.3-10.1-254,39.1 s-91.7-34.4-149.2,0C115.7,118.3,0,39.8,0,39.8V0h1000v36.5c0,0-28.2-18.5-92.1-18.5C810.2,18.1,775.7,67.3,734,67.3z\"\/>\n\t<path class=\"elementor-shape-fill\" d=\"M766.1,28.9c-200-57.5-266,65.5-395.1,19.5C242,1.8,242,5.4,184.8,20.6C128,35.8,132.3,44.9,89.9,52.5C28.6,63.7,0,0,0,0 h1000c0,0-9.9,40.9-83.6,48.1S829.6,47,766.1,28.9z\"\/>\n<\/svg>\t\t<\/div>\n\t\t<div class=\"has_eae_slider elementor-element elementor-element-a63b189 e-con-full e-flex wpr-particle-no wpr-jarallax-no wpr-parallax-no wpr-sticky-section-no e-con e-child\" data-eae-slider=\"10848\" data-id=\"a63b189\" data-element_type=\"container\">\n\t\t\t\t<div class=\"elementor-element elementor-element-27390dc elementor-widget elementor-widget-image\" data-id=\"27390dc\" data-element_type=\"widget\" data-widget_type=\"image.default\">\n\t\t\t\t<div class=\"elementor-widget-container\">\n\t\t\t\t\t\t\t\t\t\t\t\t\t\t\t\t<a href=\"https:\/\/theactionfoundationkenya.org\/\" target=\"_blank\" rel=\"noopener\">\n\t\t\t\t\t\t\t<img fetchpriority=\"high\" decoding=\"async\" width=\"340\" height=\"156\" src=\"https:\/\/daara.academy\/wp-content\/uploads\/2025\/05\/Pi4cture.png\" class=\"attachment-full size-full wp-image-412\" alt=\"\" srcset=\"https:\/\/daara.academy\/wp-content\/uploads\/2025\/05\/Pi4cture.png 340w, https:\/\/daara.academy\/wp-content\/uploads\/2025\/05\/Pi4cture-300x138.png 300w\" sizes=\"(max-width: 340px) 100vw, 340px\" \/>\t\t\t\t\t\t\t\t<\/a>\n\t\t\t\t\t\t\t\t\t\t\t\t\t\t\t<\/div>\n\t\t\t\t<\/div>\n\t\t\t\t<div class=\"elementor-element elementor-element-13005db elementor-widget__width-initial elementor-widget elementor-widget-image\" data-id=\"13005db\" data-element_type=\"widget\" data-widget_type=\"image.default\">\n\t\t\t\t<div class=\"elementor-widget-container\">\n\t\t\t\t\t\t\t\t\t\t\t\t\t\t\t<img decoding=\"async\" width=\"188\" height=\"186\" src=\"https:\/\/daara.academy\/wp-content\/uploads\/2025\/05\/The-Action-Foundation.jpeg\" class=\"attachment-2048x2048 size-2048x2048 wp-image-712\" alt=\"\" \/>\t\t\t\t\t\t\t\t\t\t\t\t\t\t\t<\/div>\n\t\t\t\t<\/div>\n\t\t\t\t<div class=\"elementor-element elementor-element-551a23e elementor-widget elementor-widget-text-editor\" data-id=\"551a23e\" data-element_type=\"widget\" data-widget_type=\"text-editor.default\">\n\t\t\t\t<div class=\"elementor-widget-container\">\n\t\t\t\t\t\t\t\t\t<p style=\"text-align: center;\"><strong>Maria Omare<\/strong><br \/>Directeur ex\u00e9cutif<\/p>\t\t\t\t\t\t\t\t<\/div>\n\t\t\t\t<\/div>\n\t\t\t\t<\/div>\n\t\t<div class=\"has_eae_slider elementor-element elementor-element-f8d0e2a e-con-full e-flex wpr-particle-no wpr-jarallax-no wpr-parallax-no wpr-sticky-section-no e-con e-child\" data-eae-slider=\"8505\" data-id=\"f8d0e2a\" data-element_type=\"container\">\n\t\t\t\t<div class=\"elementor-element elementor-element-cfb6321 elementor-widget elementor-widget-shortcode\" data-id=\"cfb6321\" data-element_type=\"widget\" data-widget_type=\"shortcode.default\">\n\t\t\t\t<div class=\"elementor-widget-container\">\n\t\t\t\t\t\t\t<div class=\"elementor-shortcode\"><div class=\"map_wrapper\" id=\"map_wrapper_763\">\n<div class=\"map_box\" style=\"max-width:2000px\">\n<div class=\"map_aspect_ratio\" style=\"padding-top:56%\" data-padding-top=\"56%\" data-padding-top-mobile=\"50%\">\n<div class=\"map_container\">\n<div class=\"map_render map_loading\" id=\"map_763\"><\/div>\n<\/div>\n<\/div>\n<\/div>\n<\/div><\/div>\n\t\t\t\t\t\t<\/div>\n\t\t\t\t<\/div>\n\t\t\t\t<div class=\"elementor-element elementor-element-ff16bb0 elementor-hidden-desktop elementor-hidden-tablet elementor-widget elementor-widget-spacer\" data-id=\"ff16bb0\" data-element_type=\"widget\" data-widget_type=\"spacer.default\">\n\t\t\t\t<div class=\"elementor-widget-container\">\n\t\t\t\t\t\t\t<div class=\"elementor-spacer\">\n\t\t\t<div class=\"elementor-spacer-inner\"><\/div>\n\t\t<\/div>\n\t\t\t\t\t\t<\/div>\n\t\t\t\t<\/div>\n\t\t\t\t<\/div>\n\t\t\t\t\t<\/div>\n\t\t\t\t<\/div>\n\t\t<div class=\"has_eae_slider elementor-element elementor-element-26b324b e-con-full e-flex wpr-particle-no wpr-jarallax-no wpr-parallax-no wpr-sticky-section-no e-con e-parent\" data-eae-slider=\"24572\" data-id=\"26b324b\" data-element_type=\"container\" data-settings=\"{&quot;background_background&quot;:&quot;classic&quot;,&quot;shape_divider_top&quot;:&quot;mountains&quot;,&quot;shape_divider_bottom&quot;:&quot;mountains&quot;}\">\n\t\t\t\t<div class=\"elementor-shape elementor-shape-top\" aria-hidden=\"true\" data-negative=\"false\">\n\t\t\t<svg xmlns=\"http:\/\/www.w3.org\/2000\/svg\" viewbox=\"0 0 1000 100\" preserveaspectratio=\"none\">\n\t<path class=\"elementor-shape-fill\" opacity=\"0.33\" d=\"M473,67.3c-203.9,88.3-263.1-34-320.3,0C66,119.1,0,59.7,0,59.7V0h1000v59.7 c0,0-62.1,26.1-94.9,29.3c-32.8,3.3-62.8-12.3-75.8-22.1C806,49.6,745.3,8.7,694.9,4.7S492.4,59,473,67.3z\"\/>\n\t<path class=\"elementor-shape-fill\" opacity=\"0.66\" d=\"M734,67.3c-45.5,0-77.2-23.2-129.1-39.1c-28.6-8.7-150.3-10.1-254,39.1 s-91.7-34.4-149.2,0C115.7,118.3,0,39.8,0,39.8V0h1000v36.5c0,0-28.2-18.5-92.1-18.5C810.2,18.1,775.7,67.3,734,67.3z\"\/>\n\t<path class=\"elementor-shape-fill\" d=\"M766.1,28.9c-200-57.5-266,65.5-395.1,19.5C242,1.8,242,5.4,184.8,20.6C128,35.8,132.3,44.9,89.9,52.5C28.6,63.7,0,0,0,0 h1000c0,0-9.9,40.9-83.6,48.1S829.6,47,766.1,28.9z\"\/>\n<\/svg>\t\t<\/div>\n\t\t\t\t<div class=\"elementor-shape elementor-shape-bottom\" aria-hidden=\"true\" data-negative=\"false\">\n\t\t\t<svg xmlns=\"http:\/\/www.w3.org\/2000\/svg\" viewbox=\"0 0 1000 100\" preserveaspectratio=\"none\">\n\t<path class=\"elementor-shape-fill\" opacity=\"0.33\" d=\"M473,67.3c-203.9,88.3-263.1-34-320.3,0C66,119.1,0,59.7,0,59.7V0h1000v59.7 c0,0-62.1,26.1-94.9,29.3c-32.8,3.3-62.8-12.3-75.8-22.1C806,49.6,745.3,8.7,694.9,4.7S492.4,59,473,67.3z\"\/>\n\t<path class=\"elementor-shape-fill\" opacity=\"0.66\" d=\"M734,67.3c-45.5,0-77.2-23.2-129.1-39.1c-28.6-8.7-150.3-10.1-254,39.1 s-91.7-34.4-149.2,0C115.7,118.3,0,39.8,0,39.8V0h1000v36.5c0,0-28.2-18.5-92.1-18.5C810.2,18.1,775.7,67.3,734,67.3z\"\/>\n\t<path class=\"elementor-shape-fill\" d=\"M766.1,28.9c-200-57.5-266,65.5-395.1,19.5C242,1.8,242,5.4,184.8,20.6C128,35.8,132.3,44.9,89.9,52.5C28.6,63.7,0,0,0,0 h1000c0,0-9.9,40.9-83.6,48.1S829.6,47,766.1,28.9z\"\/>\n<\/svg>\t\t<\/div>\n\t\t\t\t<div class=\"elementor-element elementor-element-35e4260 elementor-widget__width-initial elementor-widget elementor-widget-heading\" data-id=\"35e4260\" data-element_type=\"widget\" data-widget_type=\"heading.default\">\n\t\t\t\t<div class=\"elementor-widget-container\">\n\t\t\t\t\t<h2 class=\"elementor-heading-title elementor-size-default\">The Action Foundation\n<\/h2>\t\t\t\t<\/div>\n\t\t\t\t<\/div>\n\t\t\t\t<div class=\"elementor-element elementor-element-b12b28b elementor-widget__width-initial elementor-widget elementor-widget-text-editor\" data-id=\"b12b28b\" data-element_type=\"widget\" data-widget_type=\"text-editor.default\">\n\t\t\t\t<div class=\"elementor-widget-container\">\n\t\t\t\t\t\t\t\t\t<p><strong>Pays<\/strong>: Kenya<br \/><strong>Fond\u00e9e<\/strong>: 2012<br \/><strong>Directeur ex\u00e9cutif<\/strong>: Maria Omare, directrice ex\u00e9cutive<\/p><p>La TAF est une organisation bas\u00e9e au Kenya, dirig\u00e9e par des femmes et reconnue dans le monde entier,<\/p><p>consacr\u00e9 \u00e0 l'\u00e9limination de l'exclusion, de la discrimination et de la violence \u00e0 l'\u00e9gard des personnes handicap\u00e9es.<\/p><p>les enfants et les jeunes handicap\u00e9s dans les communaut\u00e9s marginalis\u00e9es.<\/p><h4><strong>Activit\u00e9s principales<\/strong><\/h4><ul><li>Garantir un acc\u00e8s \u00e9quitable aux soins de sant\u00e9, \u00e0 l'\u00e9ducation et aux services d'assistance.<\/li><li>Renforcer les syst\u00e8mes gouvernementaux pour offrir des services inclusifs et de haute qualit\u00e9.<\/li><li>G\u00e9n\u00e9rer des connaissances pour des politiques et des prises de d\u00e9cision bas\u00e9es sur des donn\u00e9es.<\/li><li>Plaider en faveur de politiques int\u00e9grant le handicap et tenant compte de l'\u00e9galit\u00e9 des sexes, afin de cr\u00e9er un changement durable.<\/li><\/ul><h4><strong>Impact r\u00e9cent<\/strong><\/h4><ul><li><p>Am\u00e9lioration des r\u00e9sultats scolaires des enfants handicap\u00e9s gr\u00e2ce \u00e0 la prise en compte de leurs besoins d'apprentissage sp\u00e9cifiques.<\/p><p>Ach\u00e8vement d'un centre communautaire permanent \u00e0 Kibera en 2018, soutenant plus de 300 enfants au cours de la seule premi\u00e8re ann\u00e9e.<\/p><p>L'expansion de l'organisation \u00e0 Dagoretti et Mukuru en 2019 permettra d'atteindre davantage de communaut\u00e9s mal desservies.<\/p><\/li><\/ul><h4><strong>Une vision pour l'avenir<\/strong><\/h4><p>Nous envisageons une Afrique pleinement inclusive o\u00f9 les enfants et les jeunes handicap\u00e9s peuvent r\u00e9aliser leur plein potentiel.<\/p><p><strong><em>Cohorte 1<\/em><\/strong><\/p>\t\t\t\t\t\t\t\t<\/div>\n\t\t\t\t<\/div>\n\t\t\t\t<\/div>\n\t\t<div class=\"has_eae_slider elementor-element elementor-element-1582ba5 e-flex e-con-boxed wpr-particle-no wpr-jarallax-no wpr-parallax-no wpr-sticky-section-no e-con e-parent\" data-eae-slider=\"75005\" data-id=\"1582ba5\" data-element_type=\"container\">\n\t\t\t\t\t<div class=\"e-con-inner\">\n\t\t<div class=\"has_eae_slider elementor-element elementor-element-2272884 e-con-full e-flex wpr-particle-no wpr-jarallax-no wpr-parallax-no wpr-sticky-section-no e-con e-child\" data-eae-slider=\"31480\" data-id=\"2272884\" data-element_type=\"container\">\n\t\t<div class=\"has_eae_slider elementor-element elementor-element-195cec5 e-con-full e-flex wpr-particle-no wpr-jarallax-no wpr-parallax-no wpr-sticky-section-no e-con e-child\" data-eae-slider=\"27764\" data-id=\"195cec5\" data-element_type=\"container\">\n\t\t\t\t<div class=\"elementor-element elementor-element-d90b8bc elementor-widget elementor-widget-spacer\" data-id=\"d90b8bc\" data-element_type=\"widget\" data-widget_type=\"spacer.default\">\n\t\t\t\t<div class=\"elementor-widget-container\">\n\t\t\t\t\t\t\t<div class=\"elementor-spacer\">\n\t\t\t<div class=\"elementor-spacer-inner\"><\/div>\n\t\t<\/div>\n\t\t\t\t\t\t<\/div>\n\t\t\t\t<\/div>\n\t\t\t\t<div class=\"elementor-element elementor-element-ec71905 elementor-widget elementor-widget-heading\" data-id=\"ec71905\" data-element_type=\"widget\" data-widget_type=\"heading.default\">\n\t\t\t\t<div class=\"elementor-widget-container\">\n\t\t\t\t\t<h2 class=\"elementor-heading-title elementor-size-default\">Travailler ensemble<\/h2>\t\t\t\t<\/div>\n\t\t\t\t<\/div>\n\t\t\t\t<\/div>\n\t\t\t\t<\/div>\n\t\t\t\t\t<\/div>\n\t\t\t\t<\/div>\n\t\t<div class=\"has_eae_slider elementor-element elementor-element-8bc1f95 e-flex e-con-boxed wpr-particle-no wpr-jarallax-no wpr-parallax-no wpr-sticky-section-no e-con e-parent\" data-eae-slider=\"20041\" data-id=\"8bc1f95\" data-element_type=\"container\">\n\t\t\t\t\t<div class=\"e-con-inner\">\n\t\t\t\t<div class=\"elementor-element elementor-element-aa8c481 elementor-widget elementor-widget-image-gallery\" data-id=\"aa8c481\" data-element_type=\"widget\" data-widget_type=\"image-gallery.default\">\n\t\t\t\t<div class=\"elementor-widget-container\">\n\t\t\t\t\t\t\t<div class=\"elementor-image-gallery\">\n\t\t\t<div id='gallery-1' class='gallery galleryid-710 gallery-columns-3 gallery-size-medium_large'><figure class='gallery-item'>\n\t\t\t<div class='gallery-icon landscape'>\n\t\t\t\t<a data-elementor-open-lightbox=\"yes\" data-elementor-lightbox-slideshow=\"aa8c481\" data-elementor-lightbox-title=\"The Action Foundation_Ikonya\" data-e-action-hash=\"#elementor-action%3Aaction%3Dlightbox%26settings%3DeyJpZCI6MTExOSwidXJsIjoiaHR0cHM6XC9cL2RhYXJhLmFjYWRlbXlcL3dwLWNvbnRlbnRcL3VwbG9hZHNcLzIwMjVcLzA2XC9UaGUtQWN0aW9uLUZvdW5kYXRpb25fSWtvbnlhLmpwZyIsInNsaWRlc2hvdyI6ImFhOGM0ODEifQ%3D%3D\" href=\"https:\/\/daara.academy\/wp-content\/uploads\/2025\/06\/The-Action-Foundation_Ikonya.jpg\"><img decoding=\"async\" width=\"768\" height=\"512\" src=\"https:\/\/daara.academy\/wp-content\/uploads\/2025\/06\/The-Action-Foundation_Ikonya-768x512.jpg\" class=\"attachment-medium_large size-medium_large\" alt=\"\" srcset=\"https:\/\/daara.academy\/wp-content\/uploads\/2025\/06\/The-Action-Foundation_Ikonya-768x512.jpg 768w, https:\/\/daara.academy\/wp-content\/uploads\/2025\/06\/The-Action-Foundation_Ikonya-300x200.jpg 300w, https:\/\/daara.academy\/wp-content\/uploads\/2025\/06\/The-Action-Foundation_Ikonya-1024x683.jpg 1024w, https:\/\/daara.academy\/wp-content\/uploads\/2025\/06\/The-Action-Foundation_Ikonya-1536x1024.jpg 1536w, https:\/\/daara.academy\/wp-content\/uploads\/2025\/06\/The-Action-Foundation_Ikonya-18x12.jpg 18w, https:\/\/daara.academy\/wp-content\/uploads\/2025\/06\/The-Action-Foundation_Ikonya.jpg 1000w\" sizes=\"(max-width: 768px) 100vw, 768px\" \/><\/a>\n\t\t\t<\/div><\/figure><figure class='gallery-item'>\n\t\t\t<div class='gallery-icon landscape'>\n\t\t\t\t<a data-elementor-open-lightbox=\"yes\" data-elementor-lightbox-slideshow=\"aa8c481\" data-elementor-lightbox-title=\"The Action Foundation_Maria and Ikonya (1)\" data-e-action-hash=\"#elementor-action%3Aaction%3Dlightbox%26settings%3DeyJpZCI6MTEyMCwidXJsIjoiaHR0cHM6XC9cL2RhYXJhLmFjYWRlbXlcL3dwLWNvbnRlbnRcL3VwbG9hZHNcLzIwMjVcLzA2XC9UaGUtQWN0aW9uLUZvdW5kYXRpb25fTWFyaWEtYW5kLUlrb255YS0xLmpwZyIsInNsaWRlc2hvdyI6ImFhOGM0ODEifQ%3D%3D\" href=\"https:\/\/daara.academy\/wp-content\/uploads\/2025\/06\/The-Action-Foundation_Maria-and-Ikonya-1.jpg\"><img loading=\"lazy\" decoding=\"async\" width=\"768\" height=\"513\" src=\"https:\/\/daara.academy\/wp-content\/uploads\/2025\/06\/The-Action-Foundation_Maria-and-Ikonya-1-768x513.jpg\" class=\"attachment-medium_large size-medium_large\" alt=\"\" srcset=\"https:\/\/daara.academy\/wp-content\/uploads\/2025\/06\/The-Action-Foundation_Maria-and-Ikonya-1-768x513.jpg 768w, https:\/\/daara.academy\/wp-content\/uploads\/2025\/06\/The-Action-Foundation_Maria-and-Ikonya-1-300x200.jpg 300w, https:\/\/daara.academy\/wp-content\/uploads\/2025\/06\/The-Action-Foundation_Maria-and-Ikonya-1-1024x684.jpg 1024w, https:\/\/daara.academy\/wp-content\/uploads\/2025\/06\/The-Action-Foundation_Maria-and-Ikonya-1-1536x1026.jpg 1536w, https:\/\/daara.academy\/wp-content\/uploads\/2025\/06\/The-Action-Foundation_Maria-and-Ikonya-1-18x12.jpg 18w, https:\/\/daara.academy\/wp-content\/uploads\/2025\/06\/The-Action-Foundation_Maria-and-Ikonya-1.jpg 1000w\" sizes=\"(max-width: 768px) 100vw, 768px\" \/><\/a>\n\t\t\t<\/div><\/figure><figure class='gallery-item'>\n\t\t\t<div class='gallery-icon landscape'>\n\t\t\t\t<a data-elementor-open-lightbox=\"yes\" data-elementor-lightbox-slideshow=\"aa8c481\" data-elementor-lightbox-title=\"The Action Foundation_Maria\" data-e-action-hash=\"#elementor-action%3Aaction%3Dlightbox%26settings%3DeyJpZCI6MTEyMSwidXJsIjoiaHR0cHM6XC9cL2RhYXJhLmFjYWRlbXlcL3dwLWNvbnRlbnRcL3VwbG9hZHNcLzIwMjVcLzA2XC9UaGUtQWN0aW9uLUZvdW5kYXRpb25fTWFyaWEuanBnIiwic2xpZGVzaG93IjoiYWE4YzQ4MSJ9\" href=\"https:\/\/daara.academy\/wp-content\/uploads\/2025\/06\/The-Action-Foundation_Maria.jpg\"><img loading=\"lazy\" decoding=\"async\" width=\"768\" height=\"512\" src=\"https:\/\/daara.academy\/wp-content\/uploads\/2025\/06\/The-Action-Foundation_Maria-768x512.jpg\" class=\"attachment-medium_large size-medium_large\" alt=\"\" srcset=\"https:\/\/daara.academy\/wp-content\/uploads\/2025\/06\/The-Action-Foundation_Maria-768x512.jpg 768w, https:\/\/daara.academy\/wp-content\/uploads\/2025\/06\/The-Action-Foundation_Maria-300x200.jpg 300w, https:\/\/daara.academy\/wp-content\/uploads\/2025\/06\/The-Action-Foundation_Maria-1024x683.jpg 1024w, https:\/\/daara.academy\/wp-content\/uploads\/2025\/06\/The-Action-Foundation_Maria-1536x1024.jpg 1536w, https:\/\/daara.academy\/wp-content\/uploads\/2025\/06\/The-Action-Foundation_Maria-18x12.jpg 18w, https:\/\/daara.academy\/wp-content\/uploads\/2025\/06\/The-Action-Foundation_Maria.jpg 1000w\" sizes=\"(max-width: 768px) 100vw, 768px\" \/><\/a>\n\t\t\t<\/div><\/figure>\n\t\t<\/div>\n\t\t<\/div>\n\t\t\t\t\t\t<\/div>\n\t\t\t\t<\/div>\n\t\t\t\t\t<\/div>\n\t\t\t\t<\/div>\n\t\t<div class=\"has_eae_slider elementor-element elementor-element-d5de782 e-flex e-con-boxed wpr-particle-no wpr-jarallax-no wpr-parallax-no wpr-sticky-section-no e-con e-parent\" data-eae-slider=\"43743\" data-id=\"d5de782\" data-element_type=\"container\">\n\t\t\t\t\t<div class=\"e-con-inner\">\n\t\t\t\t<div class=\"elementor-element elementor-element-c3517f4 elementor-align-center elementor-widget elementor-widget-button\" data-id=\"c3517f4\" data-element_type=\"widget\" data-widget_type=\"button.default\">\n\t\t\t\t<div class=\"elementor-widget-container\">\n\t\t\t\t\t\t\t\t\t<div class=\"elementor-button-wrapper\">\n\t\t\t\t\t<a class=\"elementor-button elementor-button-link elementor-size-sm\" href=\"https:\/\/daara.academy\/partners\/\">\n\t\t\t\t\t\t<span class=\"elementor-button-content-wrapper\">\n\t\t\t\t\t\t\t\t\t<span class=\"elementor-button-text\">Voir tous les partenaires<\/span>\n\t\t\t\t\t<\/span>\n\t\t\t\t\t<\/a>\n\t\t\t\t<\/div>\n\t\t\t\t\t\t\t\t<\/div>\n\t\t\t\t<\/div>\n\t\t\t\t\t<\/div>\n\t\t\t\t<\/div>\n\t\t\t\t<\/div>","protected":false},"excerpt":{"rendered":"<p>The Action Foundation Maria Omare Executive Director The Action Foundation Country: Kenya Founded: 2012 Executive Director: Maria Omare, Executive Director TAF is a globally recognized, women-led organization based in Kenya, dedicated to eliminating exclusion, discrimination, and violence against children and youth with disabilities in marginalized communities. Key Activities Ensuring equitable access to healthcare, education, and assistive. Strengthening government systems to deliver inclusive, high-quality. Generating knowledge for data-driven policies and decision-making. Advocating for disability-inclusive, gender-responsive policies that create lasting change. Recent Impact Improved educational outcomes for children with disabilities by addressing unique learning needs. Completetion of a permanent Kibera Community Centre in 2018, supporting over 300 children in its first year alone. More underserved communities reached through the expansion of the organization into Dagoretti and Mukuru in 2019. Vision for the Future We envision a fully inclusive Africa where children and youth with disabilities can realize their maximum potential. Cohort 1 Working Together See All Partners<\/p>","protected":false},"author":1,"featured_media":0,"parent":18,"menu_order":0,"comment_status":"closed","ping_status":"closed","template":"elementor_header_footer","meta":{"footnotes":""},"class_list":["post-710","page","type-page","status-publish","hentry"],"_links":{"self":[{"href":"https:\/\/daara.academy\/fr\/wp-json\/wp\/v2\/pages\/710","targetHints":{"allow":["GET"]}}],"collection":[{"href":"https:\/\/daara.academy\/fr\/wp-json\/wp\/v2\/pages"}],"about":[{"href":"https:\/\/daara.academy\/fr\/wp-json\/wp\/v2\/types\/page"}],"author":[{"embeddable":true,"href":"https:\/\/daara.academy\/fr\/wp-json\/wp\/v2\/users\/1"}],"replies":[{"embeddable":true,"href":"https:\/\/daara.academy\/fr\/wp-json\/wp\/v2\/comments?post=710"}],"version-history":[{"count":20,"href":"https:\/\/daara.academy\/fr\/wp-json\/wp\/v2\/pages\/710\/revisions"}],"predecessor-version":[{"id":3054,"href":"https:\/\/daara.academy\/fr\/wp-json\/wp\/v2\/pages\/710\/revisions\/3054"}],"up":[{"embeddable":true,"href":"https:\/\/daara.academy\/fr\/wp-json\/wp\/v2\/pages\/18"}],"wp:attachment":[{"href":"https:\/\/daara.academy\/fr\/wp-json\/wp\/v2\/media?parent=710"}],"curies":[{"name":"wp","href":"https:\/\/api.w.org\/{rel}","templated":true}]}}