{"id":734,"date":"2025-05-18T22:56:04","date_gmt":"2025-05-18T22:56:04","guid":{"rendered":"https:\/\/daara.academy\/?page_id=734"},"modified":"2026-03-03T00:08:39","modified_gmt":"2026-03-03T00:08:39","slug":"partner-associates-in-research-education-for-development-ared","status":"publish","type":"page","link":"https:\/\/daara.academy\/fr\/daara-partners\/partner-associates-in-research-education-for-development-ared\/","title":{"rendered":"Partenaire - Associ\u00e9s de recherche et d'\u00e9ducation pour le d\u00e9veloppement (ARED)"},"content":{"rendered":"<div data-elementor-type=\"wp-page\" data-elementor-id=\"734\" class=\"elementor elementor-734\">\n\t\t\t\t<div class=\"has_eae_slider elementor-element elementor-element-bd1739c e-con-full e-flex wpr-particle-no wpr-jarallax-no wpr-parallax-no wpr-sticky-section-no e-con e-parent\" data-eae-slider=\"83013\" data-id=\"bd1739c\" data-element_type=\"container\" data-settings=\"{&quot;background_background&quot;:&quot;classic&quot;}\">\n\t\t<div class=\"has_eae_slider elementor-element elementor-element-51f28de e-con-full e-flex wpr-particle-no wpr-jarallax-no wpr-parallax-no wpr-sticky-section-no e-con e-child\" data-eae-slider=\"27580\" data-id=\"51f28de\" data-element_type=\"container\" data-settings=\"{&quot;background_background&quot;:&quot;classic&quot;,&quot;shape_divider_bottom&quot;:&quot;mountains&quot;}\">\n\t\t\t\t<div class=\"elementor-shape elementor-shape-bottom\" aria-hidden=\"true\" data-negative=\"false\">\n\t\t\t<svg xmlns=\"http:\/\/www.w3.org\/2000\/svg\" viewbox=\"0 0 1000 100\" preserveaspectratio=\"none\">\n\t<path class=\"elementor-shape-fill\" opacity=\"0.33\" d=\"M473,67.3c-203.9,88.3-263.1-34-320.3,0C66,119.1,0,59.7,0,59.7V0h1000v59.7 c0,0-62.1,26.1-94.9,29.3c-32.8,3.3-62.8-12.3-75.8-22.1C806,49.6,745.3,8.7,694.9,4.7S492.4,59,473,67.3z\"\/>\n\t<path class=\"elementor-shape-fill\" opacity=\"0.66\" d=\"M734,67.3c-45.5,0-77.2-23.2-129.1-39.1c-28.6-8.7-150.3-10.1-254,39.1 s-91.7-34.4-149.2,0C115.7,118.3,0,39.8,0,39.8V0h1000v36.5c0,0-28.2-18.5-92.1-18.5C810.2,18.1,775.7,67.3,734,67.3z\"\/>\n\t<path class=\"elementor-shape-fill\" d=\"M766.1,28.9c-200-57.5-266,65.5-395.1,19.5C242,1.8,242,5.4,184.8,20.6C128,35.8,132.3,44.9,89.9,52.5C28.6,63.7,0,0,0,0 h1000c0,0-9.9,40.9-83.6,48.1S829.6,47,766.1,28.9z\"\/>\n<\/svg>\t\t<\/div>\n\t\t\t\t<div class=\"elementor-element elementor-element-e92589c elementor-widget elementor-widget-spacer\" data-id=\"e92589c\" data-element_type=\"widget\" data-widget_type=\"spacer.default\">\n\t\t\t\t<div class=\"elementor-widget-container\">\n\t\t\t\t\t\t\t<div class=\"elementor-spacer\">\n\t\t\t<div class=\"elementor-spacer-inner\"><\/div>\n\t\t<\/div>\n\t\t\t\t\t\t<\/div>\n\t\t\t\t<\/div>\n\t\t\t\t<div class=\"elementor-element elementor-element-76b3299 elementor-widget elementor-widget-heading\" data-id=\"76b3299\" data-element_type=\"widget\" data-widget_type=\"heading.default\">\n\t\t\t\t<div class=\"elementor-widget-container\">\n\t\t\t\t\t<h2 class=\"elementor-heading-title elementor-size-default\">Associ\u00e9s en recherche et \u00e9ducation pour le d\u00e9veloppement (ARED)\n<\/h2>\t\t\t\t<\/div>\n\t\t\t\t<\/div>\n\t\t\t\t<div class=\"elementor-element elementor-element-95ed8a1 elementor-widget-divider--view-line elementor-widget elementor-widget-divider\" data-id=\"95ed8a1\" data-element_type=\"widget\" data-widget_type=\"divider.default\">\n\t\t\t\t<div class=\"elementor-widget-container\">\n\t\t\t\t\t\t\t<div class=\"elementor-divider\">\n\t\t\t<span class=\"elementor-divider-separator\">\n\t\t\t\t\t\t<\/span>\n\t\t<\/div>\n\t\t\t\t\t\t<\/div>\n\t\t\t\t<\/div>\n\t\t\t\t<\/div>\n\t\t\t\t<\/div>\n\t\t<div class=\"has_eae_slider elementor-element elementor-element-0ab8017 e-flex e-con-boxed wpr-particle-no wpr-jarallax-no wpr-parallax-no wpr-sticky-section-no e-con e-parent\" data-eae-slider=\"82301\" data-id=\"0ab8017\" data-element_type=\"container\" data-settings=\"{&quot;background_background&quot;:&quot;classic&quot;,&quot;shape_divider_bottom&quot;:&quot;mountains&quot;}\">\n\t\t\t\t\t<div class=\"e-con-inner\">\n\t\t\t\t<div class=\"elementor-shape elementor-shape-bottom\" aria-hidden=\"true\" data-negative=\"false\">\n\t\t\t<svg xmlns=\"http:\/\/www.w3.org\/2000\/svg\" viewbox=\"0 0 1000 100\" preserveaspectratio=\"none\">\n\t<path class=\"elementor-shape-fill\" opacity=\"0.33\" d=\"M473,67.3c-203.9,88.3-263.1-34-320.3,0C66,119.1,0,59.7,0,59.7V0h1000v59.7 c0,0-62.1,26.1-94.9,29.3c-32.8,3.3-62.8-12.3-75.8-22.1C806,49.6,745.3,8.7,694.9,4.7S492.4,59,473,67.3z\"\/>\n\t<path class=\"elementor-shape-fill\" opacity=\"0.66\" d=\"M734,67.3c-45.5,0-77.2-23.2-129.1-39.1c-28.6-8.7-150.3-10.1-254,39.1 s-91.7-34.4-149.2,0C115.7,118.3,0,39.8,0,39.8V0h1000v36.5c0,0-28.2-18.5-92.1-18.5C810.2,18.1,775.7,67.3,734,67.3z\"\/>\n\t<path class=\"elementor-shape-fill\" d=\"M766.1,28.9c-200-57.5-266,65.5-395.1,19.5C242,1.8,242,5.4,184.8,20.6C128,35.8,132.3,44.9,89.9,52.5C28.6,63.7,0,0,0,0 h1000c0,0-9.9,40.9-83.6,48.1S829.6,47,766.1,28.9z\"\/>\n<\/svg>\t\t<\/div>\n\t\t<div class=\"has_eae_slider elementor-element elementor-element-a63b189 e-con-full e-flex wpr-particle-no wpr-jarallax-no wpr-parallax-no wpr-sticky-section-no e-con e-child\" data-eae-slider=\"19745\" data-id=\"a63b189\" data-element_type=\"container\">\n\t\t\t\t<div class=\"elementor-element elementor-element-27390dc elementor-widget elementor-widget-image\" data-id=\"27390dc\" data-element_type=\"widget\" data-widget_type=\"image.default\">\n\t\t\t\t<div class=\"elementor-widget-container\">\n\t\t\t\t\t\t\t\t\t\t\t\t\t\t\t<img fetchpriority=\"high\" decoding=\"async\" width=\"1000\" height=\"1000\" src=\"https:\/\/daara.academy\/wp-content\/uploads\/2025\/05\/daara-partners-10.jpg\" class=\"attachment-full size-full wp-image-433\" alt=\"\" srcset=\"https:\/\/daara.academy\/wp-content\/uploads\/2025\/05\/daara-partners-10.jpg 1000w, https:\/\/daara.academy\/wp-content\/uploads\/2025\/05\/daara-partners-10-300x300.jpg 300w, https:\/\/daara.academy\/wp-content\/uploads\/2025\/05\/daara-partners-10-1024x1024.jpg 1024w, https:\/\/daara.academy\/wp-content\/uploads\/2025\/05\/daara-partners-10-150x150.jpg 150w, https:\/\/daara.academy\/wp-content\/uploads\/2025\/05\/daara-partners-10-768x768.jpg 768w, https:\/\/daara.academy\/wp-content\/uploads\/2025\/05\/daara-partners-10-1536x1536.jpg 1536w\" sizes=\"(max-width: 1000px) 100vw, 1000px\" \/>\t\t\t\t\t\t\t\t\t\t\t\t\t\t\t<\/div>\n\t\t\t\t<\/div>\n\t\t\t\t<div class=\"elementor-element elementor-element-13005db elementor-widget__width-initial elementor-widget elementor-widget-image\" data-id=\"13005db\" data-element_type=\"widget\" data-widget_type=\"image.default\">\n\t\t\t\t<div class=\"elementor-widget-container\">\n\t\t\t\t\t\t\t\t\t\t\t\t\t\t\t<img decoding=\"async\" width=\"236\" height=\"236\" src=\"https:\/\/daara.academy\/wp-content\/uploads\/2025\/05\/Associates-in-Research-Education-for-Development-ARED-.png\" class=\"attachment-2048x2048 size-2048x2048 wp-image-736\" alt=\"\" srcset=\"https:\/\/daara.academy\/wp-content\/uploads\/2025\/05\/Associates-in-Research-Education-for-Development-ARED-.png 236w, https:\/\/daara.academy\/wp-content\/uploads\/2025\/05\/Associates-in-Research-Education-for-Development-ARED--150x150.png 150w\" sizes=\"(max-width: 236px) 100vw, 236px\" \/>\t\t\t\t\t\t\t\t\t\t\t\t\t\t\t<\/div>\n\t\t\t\t<\/div>\n\t\t\t\t<div class=\"elementor-element elementor-element-551a23e elementor-widget elementor-widget-text-editor\" data-id=\"551a23e\" data-element_type=\"widget\" data-widget_type=\"text-editor.default\">\n\t\t\t\t<div class=\"elementor-widget-container\">\n\t\t\t\t\t\t\t\t\t<p><strong>Mamadou Amadou Ly<\/strong><br \/>Directeur g\u00e9n\u00e9ral<\/p>\t\t\t\t\t\t\t\t<\/div>\n\t\t\t\t<\/div>\n\t\t\t\t<\/div>\n\t\t<div class=\"has_eae_slider elementor-element elementor-element-f8d0e2a e-con-full e-flex wpr-particle-no wpr-jarallax-no wpr-parallax-no wpr-sticky-section-no e-con e-child\" data-eae-slider=\"85469\" data-id=\"f8d0e2a\" data-element_type=\"container\">\n\t\t\t\t<div class=\"elementor-element elementor-element-cfb6321 elementor-widget elementor-widget-shortcode\" data-id=\"cfb6321\" data-element_type=\"widget\" data-widget_type=\"shortcode.default\">\n\t\t\t\t<div class=\"elementor-widget-container\">\n\t\t\t\t\t\t\t<div class=\"elementor-shortcode\"><div class=\"map_wrapper\" id=\"map_wrapper_814\">\n<div class=\"map_box\" style=\"max-width:2000px\">\n<div class=\"map_aspect_ratio\" style=\"padding-top:56%\" data-padding-top=\"56%\" data-padding-top-mobile=\"0%\">\n<div class=\"map_container\">\n<div class=\"map_render map_loading\" id=\"map_814\"><\/div>\n<\/div>\n<\/div>\n<\/div>\n<\/div>\n<\/div>\n\t\t\t\t\t\t<\/div>\n\t\t\t\t<\/div>\n\t\t\t\t<div class=\"elementor-element elementor-element-ff16bb0 elementor-hidden-desktop elementor-hidden-tablet elementor-widget elementor-widget-spacer\" data-id=\"ff16bb0\" data-element_type=\"widget\" data-widget_type=\"spacer.default\">\n\t\t\t\t<div class=\"elementor-widget-container\">\n\t\t\t\t\t\t\t<div class=\"elementor-spacer\">\n\t\t\t<div class=\"elementor-spacer-inner\"><\/div>\n\t\t<\/div>\n\t\t\t\t\t\t<\/div>\n\t\t\t\t<\/div>\n\t\t\t\t<\/div>\n\t\t\t\t\t<\/div>\n\t\t\t\t<\/div>\n\t\t<div class=\"has_eae_slider elementor-element elementor-element-26b324b e-con-full e-flex wpr-particle-no wpr-jarallax-no wpr-parallax-no wpr-sticky-section-no e-con e-parent\" data-eae-slider=\"7279\" data-id=\"26b324b\" data-element_type=\"container\" data-settings=\"{&quot;background_background&quot;:&quot;classic&quot;,&quot;shape_divider_top&quot;:&quot;mountains&quot;,&quot;shape_divider_bottom&quot;:&quot;mountains&quot;}\">\n\t\t\t\t<div class=\"elementor-shape elementor-shape-top\" aria-hidden=\"true\" data-negative=\"false\">\n\t\t\t<svg xmlns=\"http:\/\/www.w3.org\/2000\/svg\" viewbox=\"0 0 1000 100\" preserveaspectratio=\"none\">\n\t<path class=\"elementor-shape-fill\" opacity=\"0.33\" d=\"M473,67.3c-203.9,88.3-263.1-34-320.3,0C66,119.1,0,59.7,0,59.7V0h1000v59.7 c0,0-62.1,26.1-94.9,29.3c-32.8,3.3-62.8-12.3-75.8-22.1C806,49.6,745.3,8.7,694.9,4.7S492.4,59,473,67.3z\"\/>\n\t<path class=\"elementor-shape-fill\" opacity=\"0.66\" d=\"M734,67.3c-45.5,0-77.2-23.2-129.1-39.1c-28.6-8.7-150.3-10.1-254,39.1 s-91.7-34.4-149.2,0C115.7,118.3,0,39.8,0,39.8V0h1000v36.5c0,0-28.2-18.5-92.1-18.5C810.2,18.1,775.7,67.3,734,67.3z\"\/>\n\t<path class=\"elementor-shape-fill\" d=\"M766.1,28.9c-200-57.5-266,65.5-395.1,19.5C242,1.8,242,5.4,184.8,20.6C128,35.8,132.3,44.9,89.9,52.5C28.6,63.7,0,0,0,0 h1000c0,0-9.9,40.9-83.6,48.1S829.6,47,766.1,28.9z\"\/>\n<\/svg>\t\t<\/div>\n\t\t\t\t<div class=\"elementor-shape elementor-shape-bottom\" aria-hidden=\"true\" data-negative=\"false\">\n\t\t\t<svg xmlns=\"http:\/\/www.w3.org\/2000\/svg\" viewbox=\"0 0 1000 100\" preserveaspectratio=\"none\">\n\t<path class=\"elementor-shape-fill\" opacity=\"0.33\" d=\"M473,67.3c-203.9,88.3-263.1-34-320.3,0C66,119.1,0,59.7,0,59.7V0h1000v59.7 c0,0-62.1,26.1-94.9,29.3c-32.8,3.3-62.8-12.3-75.8-22.1C806,49.6,745.3,8.7,694.9,4.7S492.4,59,473,67.3z\"\/>\n\t<path class=\"elementor-shape-fill\" opacity=\"0.66\" d=\"M734,67.3c-45.5,0-77.2-23.2-129.1-39.1c-28.6-8.7-150.3-10.1-254,39.1 s-91.7-34.4-149.2,0C115.7,118.3,0,39.8,0,39.8V0h1000v36.5c0,0-28.2-18.5-92.1-18.5C810.2,18.1,775.7,67.3,734,67.3z\"\/>\n\t<path class=\"elementor-shape-fill\" d=\"M766.1,28.9c-200-57.5-266,65.5-395.1,19.5C242,1.8,242,5.4,184.8,20.6C128,35.8,132.3,44.9,89.9,52.5C28.6,63.7,0,0,0,0 h1000c0,0-9.9,40.9-83.6,48.1S829.6,47,766.1,28.9z\"\/>\n<\/svg>\t\t<\/div>\n\t\t\t\t<div class=\"elementor-element elementor-element-35e4260 elementor-widget__width-initial elementor-widget elementor-widget-heading\" data-id=\"35e4260\" data-element_type=\"widget\" data-widget_type=\"heading.default\">\n\t\t\t\t<div class=\"elementor-widget-container\">\n\t\t\t\t\t<h2 class=\"elementor-heading-title elementor-size-default\">\u00c0 propos des Associ\u00e9s de recherche et d'\u00e9ducation pour le d\u00e9veloppement (ARED)\n<\/h2>\t\t\t\t<\/div>\n\t\t\t\t<\/div>\n\t\t\t\t<div class=\"elementor-element elementor-element-51b2d6c elementor-widget elementor-widget-spacer\" data-id=\"51b2d6c\" data-element_type=\"widget\" data-widget_type=\"spacer.default\">\n\t\t\t\t<div class=\"elementor-widget-container\">\n\t\t\t\t\t\t\t<div class=\"elementor-spacer\">\n\t\t\t<div class=\"elementor-spacer-inner\"><\/div>\n\t\t<\/div>\n\t\t\t\t\t\t<\/div>\n\t\t\t\t<\/div>\n\t\t\t\t<div class=\"elementor-element elementor-element-b12b28b elementor-widget__width-initial elementor-widget elementor-widget-text-editor\" data-id=\"b12b28b\" data-element_type=\"widget\" data-widget_type=\"text-editor.default\">\n\t\t\t\t<div class=\"elementor-widget-container\">\n\t\t\t\t\t\t\t\t\t<p><strong>Pays<\/strong>: S\u00e9n\u00e9gal<br \/><strong>Fond\u00e9e<\/strong>: 1990<br \/><strong>PDG<\/strong>: Mamadou Amadou Ly<\/p><p>L'ARED se consacre \u00e0 la promotion d'une \u00e9ducation de qualit\u00e9 dans les langues africaines par le biais de la formation, de la publication, de l'innovation p\u00e9dagogique et de la recherche-action. L'organisation s'adresse aux enfants d'\u00e2ge pr\u00e9scolaire et d'\u00e9cole primaire, aux enseignants et aux responsables communautaires afin d'am\u00e9liorer les r\u00e9sultats en mati\u00e8re d'alphab\u00e9tisation et de calcul.<\/p><h4><strong>Activit\u00e9s principales<\/strong><\/h4><ul><li>D\u00e9veloppement de programmes de rem\u00e9diation acc\u00e9l\u00e9r\u00e9e tels que\u00a0<em>Ndaw Wune (Succ\u00e8s pour tous)<\/em>\u00a0pour lutter contre l'abandon scolaire et la perte d'apprentissage caus\u00e9s par la pand\u00e9mie de COVID-19.<\/li><li>Collaborer avec le minist\u00e8re de l'\u00e9ducation pour d\u00e9velopper l'enseignement bilingue gr\u00e2ce au mod\u00e8le harmonis\u00e9 d'enseignement bilingue au S\u00e9n\u00e9gal (<em>MOHEBS<\/em>).<\/li><li>Publication de plus de 500 ouvrages \u00e9ducatifs et organisation de programmes de formation pour plus de 25 000 personnes.<\/li><\/ul><h4><strong>Impact r\u00e9cent<\/strong><\/h4><ul><li>Partenariat avec l'USAID sur\u00a0<em>Lecture pour tous<\/em>\u00a0et\u00a0<em>RELIS<\/em>\u00a0des programmes visant \u00e0 am\u00e9liorer l'alphab\u00e9tisation dans les \u00e9coles s\u00e9n\u00e9galaises.<\/li><li>Fourniture de livres en langues locales et en fran\u00e7ais \u00e0 235 000 \u00e9l\u00e8ves s\u00e9n\u00e9galais des \u00e9coles primaires dans le cadre de l'initiative de l'Union europ\u00e9enne en faveur de l'\u00e9ducation.\u00a0<em>Campagne \"Nation lecture<\/em>.<\/li><\/ul><h4><strong>Une vision pour l'avenir<\/strong><\/h4><p>L'ARED envisage un avenir o\u00f9 chaque enfant s\u00e9n\u00e9galais aura acc\u00e8s \u00e0 une \u00e9ducation bilingue de qualit\u00e9 qui lui permettra de r\u00e9ussir sur le plan acad\u00e9mique et social gr\u00e2ce au renforcement des capacit\u00e9s \u00e9ducatives en Afrique subsaharienne.<\/p><p><strong><em>Cohorte 1<\/em><\/strong><\/p>\t\t\t\t\t\t\t\t<\/div>\n\t\t\t\t<\/div>\n\t\t\t\t<\/div>\n\t\t<div class=\"has_eae_slider elementor-element elementor-element-1582ba5 e-flex e-con-boxed wpr-particle-no wpr-jarallax-no wpr-parallax-no wpr-sticky-section-no e-con e-parent\" data-eae-slider=\"25369\" data-id=\"1582ba5\" data-element_type=\"container\">\n\t\t\t\t\t<div class=\"e-con-inner\">\n\t\t<div class=\"has_eae_slider elementor-element elementor-element-2272884 e-con-full e-flex wpr-particle-no wpr-jarallax-no wpr-parallax-no wpr-sticky-section-no e-con e-child\" data-eae-slider=\"51747\" data-id=\"2272884\" data-element_type=\"container\">\n\t\t<div class=\"has_eae_slider elementor-element elementor-element-195cec5 e-con-full e-flex wpr-particle-no wpr-jarallax-no wpr-parallax-no wpr-sticky-section-no e-con e-child\" data-eae-slider=\"46073\" data-id=\"195cec5\" data-element_type=\"container\">\n\t\t\t\t<div class=\"elementor-element elementor-element-d90b8bc elementor-widget elementor-widget-spacer\" data-id=\"d90b8bc\" data-element_type=\"widget\" data-widget_type=\"spacer.default\">\n\t\t\t\t<div class=\"elementor-widget-container\">\n\t\t\t\t\t\t\t<div class=\"elementor-spacer\">\n\t\t\t<div class=\"elementor-spacer-inner\"><\/div>\n\t\t<\/div>\n\t\t\t\t\t\t<\/div>\n\t\t\t\t<\/div>\n\t\t\t\t<div class=\"elementor-element elementor-element-ec71905 elementor-widget elementor-widget-heading\" data-id=\"ec71905\" data-element_type=\"widget\" data-widget_type=\"heading.default\">\n\t\t\t\t<div class=\"elementor-widget-container\">\n\t\t\t\t\t<h2 class=\"elementor-heading-title elementor-size-default\">Travailler ensemble<\/h2>\t\t\t\t<\/div>\n\t\t\t\t<\/div>\n\t\t\t\t<\/div>\n\t\t\t\t<\/div>\n\t\t\t\t\t<\/div>\n\t\t\t\t<\/div>\n\t\t<div class=\"has_eae_slider elementor-element elementor-element-8bc1f95 e-flex e-con-boxed wpr-particle-no wpr-jarallax-no wpr-parallax-no wpr-sticky-section-no e-con e-parent\" data-eae-slider=\"91840\" data-id=\"8bc1f95\" data-element_type=\"container\">\n\t\t\t\t\t<div class=\"e-con-inner\">\n\t\t\t\t<div class=\"elementor-element elementor-element-aa8c481 elementor-widget elementor-widget-image-gallery\" data-id=\"aa8c481\" data-element_type=\"widget\" data-widget_type=\"image-gallery.default\">\n\t\t\t\t<div class=\"elementor-widget-container\">\n\t\t\t\t\t\t\t<div class=\"elementor-image-gallery\">\n\t\t\t<div id='gallery-1' class='gallery galleryid-734 gallery-columns-3 gallery-size-medium_large'><figure class='gallery-item'>\n\t\t\t<div class='gallery-icon landscape'>\n\t\t\t\t<a data-elementor-open-lightbox=\"yes\" data-elementor-lightbox-slideshow=\"aa8c481\" data-elementor-lightbox-title=\"WhatsApp Image 2024-05-31 at 16.36.55\" data-e-action-hash=\"#elementor-action%3Aaction%3Dlightbox%26settings%3DeyJpZCI6MTk1LCJ1cmwiOiJodHRwczpcL1wvZGFhcmEuYWNhZGVteVwvd3AtY29udGVudFwvdXBsb2Fkc1wvMjAyNVwvMDVcL1doYXRzQXBwLUltYWdlLTIwMjQtMDUtMzEtYXQtMTYuMzYuNTUuanBlZyIsInNsaWRlc2hvdyI6ImFhOGM0ODEifQ%3D%3D\" href='https:\/\/daara.academy\/wp-content\/uploads\/2025\/05\/WhatsApp-Image-2024-05-31-at-16.36.55.jpeg'><img decoding=\"async\" width=\"768\" height=\"432\" src=\"https:\/\/daara.academy\/wp-content\/uploads\/2025\/05\/WhatsApp-Image-2024-05-31-at-16.36.55-768x432.jpeg\" class=\"attachment-medium_large size-medium_large\" alt=\"\" srcset=\"https:\/\/daara.academy\/wp-content\/uploads\/2025\/05\/WhatsApp-Image-2024-05-31-at-16.36.55-768x432.jpeg 768w, https:\/\/daara.academy\/wp-content\/uploads\/2025\/05\/WhatsApp-Image-2024-05-31-at-16.36.55-300x169.jpeg 300w, https:\/\/daara.academy\/wp-content\/uploads\/2025\/05\/WhatsApp-Image-2024-05-31-at-16.36.55-1024x576.jpeg 1024w, https:\/\/daara.academy\/wp-content\/uploads\/2025\/05\/WhatsApp-Image-2024-05-31-at-16.36.55-1536x864.jpeg 1536w, https:\/\/daara.academy\/wp-content\/uploads\/2025\/05\/WhatsApp-Image-2024-05-31-at-16.36.55.jpeg 1000w\" sizes=\"(max-width: 768px) 100vw, 768px\" \/><\/a>\n\t\t\t<\/div><\/figure><figure class='gallery-item'>\n\t\t\t<div class='gallery-icon landscape'>\n\t\t\t\t<a data-elementor-open-lightbox=\"yes\" data-elementor-lightbox-slideshow=\"aa8c481\" data-elementor-lightbox-title=\"WhatsApp Image 2024-05-31 at 16.36.54\" data-e-action-hash=\"#elementor-action%3Aaction%3Dlightbox%26settings%3DeyJpZCI6MTk0LCJ1cmwiOiJodHRwczpcL1wvZGFhcmEuYWNhZGVteVwvd3AtY29udGVudFwvdXBsb2Fkc1wvMjAyNVwvMDVcL1doYXRzQXBwLUltYWdlLTIwMjQtMDUtMzEtYXQtMTYuMzYuNTQuanBlZyIsInNsaWRlc2hvdyI6ImFhOGM0ODEifQ%3D%3D\" href='https:\/\/daara.academy\/wp-content\/uploads\/2025\/05\/WhatsApp-Image-2024-05-31-at-16.36.54.jpeg'><img loading=\"lazy\" decoding=\"async\" width=\"768\" height=\"432\" src=\"https:\/\/daara.academy\/wp-content\/uploads\/2025\/05\/WhatsApp-Image-2024-05-31-at-16.36.54-768x432.jpeg\" class=\"attachment-medium_large size-medium_large\" alt=\"\" srcset=\"https:\/\/daara.academy\/wp-content\/uploads\/2025\/05\/WhatsApp-Image-2024-05-31-at-16.36.54-768x432.jpeg 768w, https:\/\/daara.academy\/wp-content\/uploads\/2025\/05\/WhatsApp-Image-2024-05-31-at-16.36.54-300x169.jpeg 300w, https:\/\/daara.academy\/wp-content\/uploads\/2025\/05\/WhatsApp-Image-2024-05-31-at-16.36.54-1024x576.jpeg 1024w, https:\/\/daara.academy\/wp-content\/uploads\/2025\/05\/WhatsApp-Image-2024-05-31-at-16.36.54-1536x864.jpeg 1536w, https:\/\/daara.academy\/wp-content\/uploads\/2025\/05\/WhatsApp-Image-2024-05-31-at-16.36.54.jpeg 1000w\" sizes=\"(max-width: 768px) 100vw, 768px\" \/><\/a>\n\t\t\t<\/div><\/figure><figure class='gallery-item'>\n\t\t\t<div class='gallery-icon landscape'>\n\t\t\t\t<a data-elementor-open-lightbox=\"yes\" data-elementor-lightbox-slideshow=\"aa8c481\" data-elementor-lightbox-title=\"WhatsApp Image 2024-05-31 at 16.37.09\" data-e-action-hash=\"#elementor-action%3Aaction%3Dlightbox%26settings%3DeyJpZCI6MTk3LCJ1cmwiOiJodHRwczpcL1wvZGFhcmEuYWNhZGVteVwvd3AtY29udGVudFwvdXBsb2Fkc1wvMjAyNVwvMDVcL1doYXRzQXBwLUltYWdlLTIwMjQtMDUtMzEtYXQtMTYuMzcuMDkuanBlZyIsInNsaWRlc2hvdyI6ImFhOGM0ODEifQ%3D%3D\" href='https:\/\/daara.academy\/wp-content\/uploads\/2025\/05\/WhatsApp-Image-2024-05-31-at-16.37.09.jpeg'><img loading=\"lazy\" decoding=\"async\" width=\"768\" height=\"432\" src=\"https:\/\/daara.academy\/wp-content\/uploads\/2025\/05\/WhatsApp-Image-2024-05-31-at-16.37.09-768x432.jpeg\" class=\"attachment-medium_large size-medium_large\" alt=\"\" srcset=\"https:\/\/daara.academy\/wp-content\/uploads\/2025\/05\/WhatsApp-Image-2024-05-31-at-16.37.09-768x432.jpeg 768w, https:\/\/daara.academy\/wp-content\/uploads\/2025\/05\/WhatsApp-Image-2024-05-31-at-16.37.09-300x169.jpeg 300w, https:\/\/daara.academy\/wp-content\/uploads\/2025\/05\/WhatsApp-Image-2024-05-31-at-16.37.09-1024x576.jpeg 1024w, https:\/\/daara.academy\/wp-content\/uploads\/2025\/05\/WhatsApp-Image-2024-05-31-at-16.37.09-1536x864.jpeg 1536w, https:\/\/daara.academy\/wp-content\/uploads\/2025\/05\/WhatsApp-Image-2024-05-31-at-16.37.09.jpeg 1000w\" sizes=\"(max-width: 768px) 100vw, 768px\" \/><\/a>\n\t\t\t<\/div><\/figure>\n\t\t<\/div>\n\t\t<\/div>\n\t\t\t\t\t\t<\/div>\n\t\t\t\t<\/div>\n\t\t\t\t\t<\/div>\n\t\t\t\t<\/div>\n\t\t<div class=\"has_eae_slider elementor-element elementor-element-d5de782 e-flex e-con-boxed wpr-particle-no wpr-jarallax-no wpr-parallax-no wpr-sticky-section-no e-con e-parent\" data-eae-slider=\"86517\" data-id=\"d5de782\" data-element_type=\"container\">\n\t\t\t\t\t<div class=\"e-con-inner\">\n\t\t\t\t<div class=\"elementor-element elementor-element-ae1b652 elementor-align-center elementor-widget elementor-widget-button\" data-id=\"ae1b652\" data-element_type=\"widget\" data-widget_type=\"button.default\">\n\t\t\t\t<div class=\"elementor-widget-container\">\n\t\t\t\t\t\t\t\t\t<div class=\"elementor-button-wrapper\">\n\t\t\t\t\t<a class=\"elementor-button elementor-button-link elementor-size-sm\" href=\"https:\/\/daara.academy\/contact\/\">\n\t\t\t\t\t\t<span class=\"elementor-button-content-wrapper\">\n\t\t\t\t\t\t\t\t\t<span class=\"elementor-button-text\">Devenir partenaire<\/span>\n\t\t\t\t\t<\/span>\n\t\t\t\t\t<\/a>\n\t\t\t\t<\/div>\n\t\t\t\t\t\t\t\t<\/div>\n\t\t\t\t<\/div>\n\t\t\t\t\t<\/div>\n\t\t\t\t<\/div>\n\t\t\t\t<\/div>","protected":false},"excerpt":{"rendered":"<p>Associates in Research &amp; Education for Development (ARED) Mamadou Amadou LyChief Executive Officer About Associates in Research &amp; Education for Development (ARED) Country: SenegalFounded: 1990CEO: Mamadou Amadou Ly ARED is dedicated to promoting quality education in African languages through training, publishing, educational innovation, and action research. The organization targets preschoolers, primary school children, teachers, and community leaders to enhance foundational literacy and numeracy outcomes. Key Activities Development of accelerated remediation programs like\u00a0Ndaw Wune (Success for All)\u00a0to address school dropout and learning loss caused by the COVID-19 pandemic. Collaborating with the Ministry of Education to scale bilingual education through the Harmonized Model of Bilingual Education in Senegal (MOHEBS). Publishing over 500 educational books and conducting training programs for more than 25,000 individuals. Recent Impact Partnering with USAID on\u00a0Lecture Pour Tous\u00a0and\u00a0RELIS\u00a0programs to improve literacy in Senegalese schools. Providing 235,000 Senegalese primary school children with books in local languages and French under the\u00a0Reading Nation Campaign. Vision for the Future ARED envisions a future where every child in Senegal has access to quality, bilingual education that empowers them to succeed academically and socially with education capacity building in sub-saharan africa. Cohort 1 Working Together Become a Partner<\/p>","protected":false},"author":1,"featured_media":0,"parent":18,"menu_order":0,"comment_status":"closed","ping_status":"closed","template":"elementor_header_footer","meta":{"footnotes":""},"class_list":["post-734","page","type-page","status-publish","hentry"],"_links":{"self":[{"href":"https:\/\/daara.academy\/fr\/wp-json\/wp\/v2\/pages\/734","targetHints":{"allow":["GET"]}}],"collection":[{"href":"https:\/\/daara.academy\/fr\/wp-json\/wp\/v2\/pages"}],"about":[{"href":"https:\/\/daara.academy\/fr\/wp-json\/wp\/v2\/types\/page"}],"author":[{"embeddable":true,"href":"https:\/\/daara.academy\/fr\/wp-json\/wp\/v2\/users\/1"}],"replies":[{"embeddable":true,"href":"https:\/\/daara.academy\/fr\/wp-json\/wp\/v2\/comments?post=734"}],"version-history":[{"count":20,"href":"https:\/\/daara.academy\/fr\/wp-json\/wp\/v2\/pages\/734\/revisions"}],"predecessor-version":[{"id":2982,"href":"https:\/\/daara.academy\/fr\/wp-json\/wp\/v2\/pages\/734\/revisions\/2982"}],"up":[{"embeddable":true,"href":"https:\/\/daara.academy\/fr\/wp-json\/wp\/v2\/pages\/18"}],"wp:attachment":[{"href":"https:\/\/daara.academy\/fr\/wp-json\/wp\/v2\/media?parent=734"}],"curies":[{"name":"wp","href":"https:\/\/api.w.org\/{rel}","templated":true}]}}